{"id":934,"date":"2020-10-16T12:05:43","date_gmt":"2020-10-16T11:05:43","guid":{"rendered":"http:\/\/webisis.es\/isis\/?page_id=934"},"modified":"2020-10-16T12:22:37","modified_gmt":"2020-10-16T11:22:37","slug":"lopd","status":"publish","type":"page","link":"https:\/\/webisis.es\/isis\/consultoria\/asesoramiento-y-adaptacion\/lopd\/","title":{"rendered":"LOPD"},"content":{"rendered":"\t\t<div data-elementor-type=\"wp-page\" data-elementor-id=\"934\" class=\"elementor elementor-934\" data-elementor-settings=\"[]\">\n\t\t\t\t\t\t<div class=\"elementor-inner\">\n\t\t\t\t\t\t\t<div class=\"elementor-section-wrap\">\n\t\t\t\t\t\t\t<section class=\"elementor-section elementor-top-section elementor-element elementor-element-5140be21 elementor-section-height-min-height elementor-section-boxed elementor-section-height-default elementor-section-items-middle\" data-id=\"5140be21\" data-element_type=\"section\" data-settings=\"{&quot;background_background&quot;:&quot;gradient&quot;,&quot;shape_divider_bottom&quot;:&quot;waves&quot;}\">\n\t\t\t\t\t\t\t<div class=\"elementor-background-overlay\"><\/div>\n\t\t\t\t\t\t<div class=\"elementor-shape elementor-shape-bottom\" data-negative=\"false\">\n\t\t\t<svg xmlns=\"http:\/\/www.w3.org\/2000\/svg\" viewBox=\"0 0 1000 100\" preserveAspectRatio=\"none\">\n\t<path class=\"elementor-shape-fill\" d=\"M421.9,6.5c22.6-2.5,51.5,0.4,75.5,5.3c23.6,4.9,70.9,23.5,100.5,35.7c75.8,32.2,133.7,44.5,192.6,49.7\n\tc23.6,2.1,48.7,3.5,103.4-2.5c54.7-6,106.2-25.6,106.2-25.6V0H0v30.3c0,0,72,32.6,158.4,30.5c39.2-0.7,92.8-6.7,134-22.4\n\tc21.2-8.1,52.2-18.2,79.7-24.2C399.3,7.9,411.6,7.5,421.9,6.5z\"\/>\n<\/svg>\t\t<\/div>\n\t\t\t\t\t<div class=\"elementor-container elementor-column-gap-default\">\n\t\t\t\t\t\t\t<div class=\"elementor-row\">\n\t\t\t\t\t<div class=\"elementor-column elementor-col-100 elementor-top-column elementor-element elementor-element-43cd76d6\" data-id=\"43cd76d6\" data-element_type=\"column\">\n\t\t\t<div class=\"elementor-column-wrap elementor-element-populated\">\n\t\t\t\t\t\t\t<div class=\"elementor-widget-wrap\">\n\t\t\t\t\t\t<div class=\"elementor-element elementor-element-732973c4 elementor-widget elementor-widget-heading\" data-id=\"732973c4\" data-element_type=\"widget\" data-widget_type=\"heading.default\">\n\t\t\t\t<div class=\"elementor-widget-container\">\n\t\t\t<h1 class=\"elementor-heading-title elementor-size-default\">Ley Org\u00e1nica de Protecci\u00f3n de Datos<\/h1>\t\t<\/div>\n\t\t\t\t<\/div>\n\t\t\t\t<div class=\"elementor-element elementor-element-2d84a487 elementor-widget__width-initial elementor-fixed elementor-widget elementor-widget-button\" data-id=\"2d84a487\" data-element_type=\"widget\" data-settings=\"{&quot;_position&quot;:&quot;fixed&quot;}\" data-widget_type=\"button.default\">\n\t\t\t\t<div class=\"elementor-widget-container\">\n\t\t\t\t\t<div class=\"elementor-button-wrapper\">\n\t\t\t<a class=\"elementor-button elementor-size-md\" role=\"button\">\n\t\t\t\t\t\t<span class=\"elementor-button-content-wrapper\">\n\t\t\t\t\t\t<span class=\"elementor-button-icon elementor-align-icon-right\">\n\t\t\t\t<i aria-hidden=\"true\" class=\"fas fa-envelope\"><\/i>\t\t\t<\/span>\n\t\t\t\t\t\t<span class=\"elementor-button-text\"><\/span>\n\t\t<\/span>\n\t\t\t\t\t<\/a>\n\t\t<\/div>\n\t\t\t\t<\/div>\n\t\t\t\t<\/div>\n\t\t\t\t\t\t<\/div>\n\t\t\t\t\t<\/div>\n\t\t<\/div>\n\t\t\t\t\t\t\t\t<\/div>\n\t\t\t\t\t<\/div>\n\t\t<\/section>\n\t\t\t\t<section class=\"elementor-section elementor-top-section elementor-element elementor-element-2f94e3e elementor-section-full_width elementor-section-height-default elementor-section-height-default\" data-id=\"2f94e3e\" data-element_type=\"section\">\n\t\t\t\t\t\t<div class=\"elementor-container elementor-column-gap-default\">\n\t\t\t\t\t\t\t<div class=\"elementor-row\">\n\t\t\t\t\t<div class=\"elementor-column elementor-col-100 elementor-top-column elementor-element elementor-element-595f304\" data-id=\"595f304\" data-element_type=\"column\">\n\t\t\t<div class=\"elementor-column-wrap elementor-element-populated\">\n\t\t\t\t\t\t\t<div class=\"elementor-widget-wrap\">\n\t\t\t\t\t\t<div class=\"elementor-element elementor-element-17f9f0c elementor-widget elementor-widget-text-editor\" data-id=\"17f9f0c\" data-element_type=\"widget\" data-widget_type=\"text-editor.default\">\n\t\t\t\t<div class=\"elementor-widget-container\">\n\t\t\t\t\t\t\t\t<div class=\"elementor-text-editor elementor-clearfix\">\n\t\t\t\t<div id=\"panel-2837-2-0-0\" class=\"so-panel widget widget_sow-headline panel-first-child\" data-index=\"2\"><div class=\"so-widget-sow-headline so-widget-sow-headline-default-f3034e4c06d7\"><div class=\"sow-headline-container \"><div id=\"panel-3420-1-0-0\" class=\"so-panel widget widget_sow-headline panel-first-child\" data-index=\"1\"><div class=\"so-widget-sow-headline so-widget-sow-headline-default-f3034e4c06d7\"><div class=\"sow-headline-container \"><p class=\"sow-sub-headline\">Hasta que no sea de aplicaci\u00f3n el Reglamento General de Protecci\u00f3n de Datos, dos a\u00f1os despu\u00e9s de la fecha de entrada en vigor, coexistir\u00e1n ambas normas (RGPD y LOPD). Est\u00e1 previsto que el Reglamento General de Protecci\u00f3n de Datos se vaya desarrollando en cuanto a cuestiones espec\u00edficas, mediante los denominados Actos Delegados de la Comisi\u00f3n, a trav\u00e9s de los cuales se establecer\u00e1, con mayor precisi\u00f3n, el marco jur\u00eddico aplicable seg\u00fan cada caso. Los Estados miembros deben observar el nuevo Reglamento como norma preeminente. Adem\u00e1s, mientras se prolongue este proceso, deber\u00e1n aplicar las Leyes nacionales mientras estas no sean modificadas, sustituidas o derogadas.<\/p><\/div><\/div><\/div><\/div><\/div><\/div>\t\t\t\t\t<\/div>\n\t\t\t\t\t\t<\/div>\n\t\t\t\t<\/div>\n\t\t\t\t\t\t<\/div>\n\t\t\t\t\t<\/div>\n\t\t<\/div>\n\t\t\t\t\t\t\t\t<\/div>\n\t\t\t\t\t<\/div>\n\t\t<\/section>\n\t\t\t\t<section class=\"elementor-section elementor-top-section elementor-element elementor-element-a8e3e5e elementor-section-full_width elementor-section-height-default elementor-section-height-default\" data-id=\"a8e3e5e\" data-element_type=\"section\" data-settings=\"{&quot;background_background&quot;:&quot;classic&quot;}\">\n\t\t\t\t\t\t\t<div class=\"elementor-background-overlay\"><\/div>\n\t\t\t\t\t\t\t<div class=\"elementor-container elementor-column-gap-default\">\n\t\t\t\t\t\t\t<div class=\"elementor-row\">\n\t\t\t\t\t<div class=\"elementor-column elementor-col-100 elementor-top-column elementor-element elementor-element-8af1b37\" data-id=\"8af1b37\" data-element_type=\"column\">\n\t\t\t<div class=\"elementor-column-wrap elementor-element-populated\">\n\t\t\t\t\t\t\t<div class=\"elementor-widget-wrap\">\n\t\t\t\t\t\t<section class=\"elementor-section elementor-inner-section elementor-element elementor-element-9b46397 elementor-section-full_width elementor-section-height-default elementor-section-height-default\" data-id=\"9b46397\" data-element_type=\"section\">\n\t\t\t\t\t\t<div class=\"elementor-container elementor-column-gap-default\">\n\t\t\t\t\t\t\t<div class=\"elementor-row\">\n\t\t\t\t\t<div class=\"elementor-column elementor-col-100 elementor-inner-column elementor-element elementor-element-cf3c1fb\" data-id=\"cf3c1fb\" data-element_type=\"column\">\n\t\t\t<div class=\"elementor-column-wrap elementor-element-populated\">\n\t\t\t\t\t\t\t<div class=\"elementor-widget-wrap\">\n\t\t\t\t\t\t<div class=\"elementor-element elementor-element-2308dce elementor-widget elementor-widget-heading\" data-id=\"2308dce\" data-element_type=\"widget\" data-widget_type=\"heading.default\">\n\t\t\t\t<div class=\"elementor-widget-container\">\n\t\t\t<h2 class=\"elementor-heading-title elementor-size-default\">Las 10 Novedades m\u00e1s Relevantes del Nuevo Reglamento de Protecci\u00f3n de Datos<\/h2>\t\t<\/div>\n\t\t\t\t<\/div>\n\t\t\t\t\t\t<\/div>\n\t\t\t\t\t<\/div>\n\t\t<\/div>\n\t\t\t\t\t\t\t\t<\/div>\n\t\t\t\t\t<\/div>\n\t\t<\/section>\n\t\t\t\t\t\t<\/div>\n\t\t\t\t\t<\/div>\n\t\t<\/div>\n\t\t\t\t\t\t\t\t<\/div>\n\t\t\t\t\t<\/div>\n\t\t<\/section>\n\t\t\t\t<section class=\"elementor-section elementor-top-section elementor-element elementor-element-738ff26 elementor-section-full_width elementor-section-height-default elementor-section-height-default\" data-id=\"738ff26\" data-element_type=\"section\">\n\t\t\t\t\t\t<div class=\"elementor-container elementor-column-gap-default\">\n\t\t\t\t\t\t\t<div class=\"elementor-row\">\n\t\t\t\t\t<div class=\"elementor-column elementor-col-100 elementor-top-column elementor-element elementor-element-a96b6d0\" data-id=\"a96b6d0\" data-element_type=\"column\">\n\t\t\t<div class=\"elementor-column-wrap elementor-element-populated\">\n\t\t\t\t\t\t\t<div class=\"elementor-widget-wrap\">\n\t\t\t\t\t\t<div class=\"elementor-element elementor-element-bb664de elementor-icon-list--layout-traditional elementor-list-item-link-full_width elementor-widget elementor-widget-icon-list\" data-id=\"bb664de\" data-element_type=\"widget\" data-widget_type=\"icon-list.default\">\n\t\t\t\t<div class=\"elementor-widget-container\">\n\t\t\t\t\t<ul class=\"elementor-icon-list-items\">\n\t\t\t\t\t\t\t<li class=\"elementor-icon-list-item\">\n\t\t\t\t\t\t\t\t\t\t<span class=\"elementor-icon-list-text\">- Nuevos derechos de los ciudadanos.<\/span>\n\t\t\t\t\t\t\t\t\t<\/li>\n\t\t\t\t\t\t\t\t<li class=\"elementor-icon-list-item\">\n\t\t\t\t\t\t\t\t\t\t<span class=\"elementor-icon-list-text\">- Creaci\u00f3n de la figura del Delegado de Protecci\u00f3n de Datos.<\/span>\n\t\t\t\t\t\t\t\t\t<\/li>\n\t\t\t\t\t\t\t\t<li class=\"elementor-icon-list-item\">\n\t\t\t\t\t\t\t\t\t\t<span class=\"elementor-icon-list-text\">- Obligaci\u00f3n de realizar An\u00e1lisis de Riesgos y Evaluaciones de Impacto.<\/span>\n\t\t\t\t\t\t\t\t\t<\/li>\n\t\t\t\t\t\t\t\t<li class=\"elementor-icon-list-item\">\n\t\t\t\t\t\t\t\t\t\t<span class=\"elementor-icon-list-text\">- Obligaci\u00f3n de registrar documentalmente las operaciones de tratamiento.<\/span>\n\t\t\t\t\t\t\t\t\t<\/li>\n\t\t\t\t\t\t\t\t<li class=\"elementor-icon-list-item\">\n\t\t\t\t\t\t\t\t\t\t<span class=\"elementor-icon-list-text\">- Nuevas notificaciones a la Autoridad de Control.<\/span>\n\t\t\t\t\t\t\t\t\t<\/li>\n\t\t\t\t\t\t\t\t<li class=\"elementor-icon-list-item\">\n\t\t\t\t\t\t\t\t\t\t<span class=\"elementor-icon-list-text\">- Nueva recomendaci\u00f3n de informaci\u00f3n al interesado.<\/span>\n\t\t\t\t\t\t\t\t\t<\/li>\n\t\t\t\t\t\t\t\t<li class=\"elementor-icon-list-item\">\n\t\t\t\t\t\t\t\t\t\t<span class=\"elementor-icon-list-text\">- Incremento muy significativo de cuant\u00eda de las sanciones.<\/span>\n\t\t\t\t\t\t\t\t\t<\/li>\n\t\t\t\t\t\t\t\t<li class=\"elementor-icon-list-item\">\n\t\t\t\t\t\t\t\t\t\t<span class=\"elementor-icon-list-text\">- Aplicaci\u00f3n del concepto \"Ventanilla \u00danica\".<\/span>\n\t\t\t\t\t\t\t\t\t<\/li>\n\t\t\t\t\t\t\t\t<li class=\"elementor-icon-list-item\">\n\t\t\t\t\t\t\t\t\t\t\t<a href=\"http:\/\/Nuevos%20principios%20en%20relaci\u00f3n%20a%20las%20obligaciones%20de%20informaci\u00f3n.\">\n\n\t\t\t\t\t\t\t\t\t\t\t<span class=\"elementor-icon-list-text\">- Establecimiento de obligaciones para nuevas categor\u00edas especiales de datos.<\/span>\n\t\t\t\t\t\t\t\t\t\t\t<\/a>\n\t\t\t\t\t\t\t\t\t<\/li>\n\t\t\t\t\t\t\t\t<li class=\"elementor-icon-list-item\">\n\t\t\t\t\t\t\t\t\t\t\t<a href=\"http:\/\/Nuevos%20principios%20en%20relaci\u00f3n%20a%20las%20obligaciones%20de%20informaci\u00f3n.\">\n\n\t\t\t\t\t\t\t\t\t\t\t<span class=\"elementor-icon-list-text\">- Nuevos principios en relaci\u00f3n a las obligaciones de informaci\u00f3n.<\/span>\n\t\t\t\t\t\t\t\t\t\t\t<\/a>\n\t\t\t\t\t\t\t\t\t<\/li>\n\t\t\t\t\t\t<\/ul>\n\t\t\t\t<\/div>\n\t\t\t\t<\/div>\n\t\t\t\t\t\t<\/div>\n\t\t\t\t\t<\/div>\n\t\t<\/div>\n\t\t\t\t\t\t\t\t<\/div>\n\t\t\t\t\t<\/div>\n\t\t<\/section>\n\t\t\t\t\t\t<\/div>\n\t\t\t\t\t\t<\/div>\n\t\t\t\t\t<\/div>\n\t\t","protected":false},"excerpt":{"rendered":"<p>Ley Org\u00e1nica de Protecci\u00f3n de Datos Hasta que no sea de aplicaci\u00f3n el Reglamento General de Protecci\u00f3n de Datos, dos a\u00f1os despu\u00e9s de la fecha de entrada en vigor, coexistir\u00e1n ambas normas (RGPD y LOPD). Est\u00e1 previsto que el Reglamento General de Protecci\u00f3n de Datos se vaya desarrollando en cuanto a cuestiones espec\u00edficas, mediante los [&hellip;]<\/p>\n","protected":false},"author":1,"featured_media":0,"parent":653,"menu_order":0,"comment_status":"closed","ping_status":"closed","template":"elementor_header_footer","meta":[],"yoast_head":"<!-- This site is optimized with the Yoast SEO plugin v18.0 - https:\/\/yoast.com\/wordpress\/plugins\/seo\/ -->\n<title>LOPD - IsInform\u00e1tica<\/title>\n<meta name=\"robots\" content=\"index, follow, max-snippet:-1, max-image-preview:large, max-video-preview:-1\" \/>\n<link rel=\"canonical\" href=\"https:\/\/webisis.es\/isis\/consultoria\/asesoramiento-y-adaptacion\/lopd\/\" \/>\n<meta property=\"og:locale\" content=\"es_ES\" \/>\n<meta property=\"og:type\" content=\"article\" \/>\n<meta property=\"og:title\" content=\"LOPD - IsInform\u00e1tica\" \/>\n<meta property=\"og:description\" content=\"Ley Org\u00e1nica de Protecci\u00f3n de Datos Hasta que no sea de aplicaci\u00f3n el Reglamento General de Protecci\u00f3n de Datos, dos a\u00f1os despu\u00e9s de la fecha de entrada en vigor, coexistir\u00e1n ambas normas (RGPD y LOPD). Est\u00e1 previsto que el Reglamento General de Protecci\u00f3n de Datos se vaya desarrollando en cuanto a cuestiones espec\u00edficas, mediante los [&hellip;]\" \/>\n<meta property=\"og:url\" content=\"https:\/\/webisis.es\/isis\/consultoria\/asesoramiento-y-adaptacion\/lopd\/\" \/>\n<meta property=\"og:site_name\" content=\"IsInform\u00e1tica\" \/>\n<meta property=\"article:modified_time\" content=\"2020-10-16T11:22:37+00:00\" \/>\n<meta name=\"twitter:card\" content=\"summary_large_image\" \/>\n<meta name=\"twitter:label1\" content=\"Tiempo de lectura\" \/>\n\t<meta name=\"twitter:data1\" content=\"1 minuto\" \/>\n<script type=\"application\/ld+json\" class=\"yoast-schema-graph\">{\"@context\":\"https:\/\/schema.org\",\"@graph\":[{\"@type\":\"WebSite\",\"@id\":\"https:\/\/webisis.es\/isis\/#website\",\"url\":\"https:\/\/webisis.es\/isis\/\",\"name\":\"IsInform\u00e1tica\",\"description\":\"Agencia de Marketing Digital\",\"potentialAction\":[{\"@type\":\"SearchAction\",\"target\":{\"@type\":\"EntryPoint\",\"urlTemplate\":\"https:\/\/webisis.es\/isis\/?s={search_term_string}\"},\"query-input\":\"required name=search_term_string\"}],\"inLanguage\":\"es\"},{\"@type\":\"WebPage\",\"@id\":\"https:\/\/webisis.es\/isis\/consultoria\/asesoramiento-y-adaptacion\/lopd\/#webpage\",\"url\":\"https:\/\/webisis.es\/isis\/consultoria\/asesoramiento-y-adaptacion\/lopd\/\",\"name\":\"LOPD - IsInform\u00e1tica\",\"isPartOf\":{\"@id\":\"https:\/\/webisis.es\/isis\/#website\"},\"datePublished\":\"2020-10-16T11:05:43+00:00\",\"dateModified\":\"2020-10-16T11:22:37+00:00\",\"breadcrumb\":{\"@id\":\"https:\/\/webisis.es\/isis\/consultoria\/asesoramiento-y-adaptacion\/lopd\/#breadcrumb\"},\"inLanguage\":\"es\",\"potentialAction\":[{\"@type\":\"ReadAction\",\"target\":[\"https:\/\/webisis.es\/isis\/consultoria\/asesoramiento-y-adaptacion\/lopd\/\"]}]},{\"@type\":\"BreadcrumbList\",\"@id\":\"https:\/\/webisis.es\/isis\/consultoria\/asesoramiento-y-adaptacion\/lopd\/#breadcrumb\",\"itemListElement\":[{\"@type\":\"ListItem\",\"position\":1,\"name\":\"Portada\",\"item\":\"https:\/\/webisis.es\/isis\/\"},{\"@type\":\"ListItem\",\"position\":2,\"name\":\"Consultor\u00eda\",\"item\":\"https:\/\/webisis.es\/isis\/consultoria\/\"},{\"@type\":\"ListItem\",\"position\":3,\"name\":\"Asesoramiento y adaptaci\u00f3n\",\"item\":\"https:\/\/webisis.es\/isis\/consultoria\/asesoramiento-y-adaptacion\/\"},{\"@type\":\"ListItem\",\"position\":4,\"name\":\"LOPD\"}]}]}<\/script>\n<!-- \/ Yoast SEO plugin. -->","yoast_head_json":{"title":"LOPD - IsInform\u00e1tica","robots":{"index":"index","follow":"follow","max-snippet":"max-snippet:-1","max-image-preview":"max-image-preview:large","max-video-preview":"max-video-preview:-1"},"canonical":"https:\/\/webisis.es\/isis\/consultoria\/asesoramiento-y-adaptacion\/lopd\/","og_locale":"es_ES","og_type":"article","og_title":"LOPD - IsInform\u00e1tica","og_description":"Ley Org\u00e1nica de Protecci\u00f3n de Datos Hasta que no sea de aplicaci\u00f3n el Reglamento General de Protecci\u00f3n de Datos, dos a\u00f1os despu\u00e9s de la fecha de entrada en vigor, coexistir\u00e1n ambas normas (RGPD y LOPD). Est\u00e1 previsto que el Reglamento General de Protecci\u00f3n de Datos se vaya desarrollando en cuanto a cuestiones espec\u00edficas, mediante los [&hellip;]","og_url":"https:\/\/webisis.es\/isis\/consultoria\/asesoramiento-y-adaptacion\/lopd\/","og_site_name":"IsInform\u00e1tica","article_modified_time":"2020-10-16T11:22:37+00:00","twitter_card":"summary_large_image","twitter_misc":{"Tiempo de lectura":"1 minuto"},"schema":{"@context":"https:\/\/schema.org","@graph":[{"@type":"WebSite","@id":"https:\/\/webisis.es\/isis\/#website","url":"https:\/\/webisis.es\/isis\/","name":"IsInform\u00e1tica","description":"Agencia de Marketing Digital","potentialAction":[{"@type":"SearchAction","target":{"@type":"EntryPoint","urlTemplate":"https:\/\/webisis.es\/isis\/?s={search_term_string}"},"query-input":"required name=search_term_string"}],"inLanguage":"es"},{"@type":"WebPage","@id":"https:\/\/webisis.es\/isis\/consultoria\/asesoramiento-y-adaptacion\/lopd\/#webpage","url":"https:\/\/webisis.es\/isis\/consultoria\/asesoramiento-y-adaptacion\/lopd\/","name":"LOPD - IsInform\u00e1tica","isPartOf":{"@id":"https:\/\/webisis.es\/isis\/#website"},"datePublished":"2020-10-16T11:05:43+00:00","dateModified":"2020-10-16T11:22:37+00:00","breadcrumb":{"@id":"https:\/\/webisis.es\/isis\/consultoria\/asesoramiento-y-adaptacion\/lopd\/#breadcrumb"},"inLanguage":"es","potentialAction":[{"@type":"ReadAction","target":["https:\/\/webisis.es\/isis\/consultoria\/asesoramiento-y-adaptacion\/lopd\/"]}]},{"@type":"BreadcrumbList","@id":"https:\/\/webisis.es\/isis\/consultoria\/asesoramiento-y-adaptacion\/lopd\/#breadcrumb","itemListElement":[{"@type":"ListItem","position":1,"name":"Portada","item":"https:\/\/webisis.es\/isis\/"},{"@type":"ListItem","position":2,"name":"Consultor\u00eda","item":"https:\/\/webisis.es\/isis\/consultoria\/"},{"@type":"ListItem","position":3,"name":"Asesoramiento y adaptaci\u00f3n","item":"https:\/\/webisis.es\/isis\/consultoria\/asesoramiento-y-adaptacion\/"},{"@type":"ListItem","position":4,"name":"LOPD"}]}]}},"_links":{"self":[{"href":"https:\/\/webisis.es\/isis\/wp-json\/wp\/v2\/pages\/934"}],"collection":[{"href":"https:\/\/webisis.es\/isis\/wp-json\/wp\/v2\/pages"}],"about":[{"href":"https:\/\/webisis.es\/isis\/wp-json\/wp\/v2\/types\/page"}],"author":[{"embeddable":true,"href":"https:\/\/webisis.es\/isis\/wp-json\/wp\/v2\/users\/1"}],"replies":[{"embeddable":true,"href":"https:\/\/webisis.es\/isis\/wp-json\/wp\/v2\/comments?post=934"}],"version-history":[{"count":0,"href":"https:\/\/webisis.es\/isis\/wp-json\/wp\/v2\/pages\/934\/revisions"}],"up":[{"embeddable":true,"href":"https:\/\/webisis.es\/isis\/wp-json\/wp\/v2\/pages\/653"}],"wp:attachment":[{"href":"https:\/\/webisis.es\/isis\/wp-json\/wp\/v2\/media?parent=934"}],"curies":[{"name":"wp","href":"https:\/\/api.w.org\/{rel}","templated":true}]}}