{"id":535,"date":"2020-10-14T10:04:12","date_gmt":"2020-10-14T09:04:12","guid":{"rendered":"http:\/\/webisis.es\/isis\/?page_id=535"},"modified":"2020-11-02T10:10:42","modified_gmt":"2020-11-02T09:10:42","slug":"auditoria-seo","status":"publish","type":"page","link":"https:\/\/webisis.es\/isis\/marketing-digital\/posicionamiento\/auditoria-seo\/","title":{"rendered":"Auditor\u00eda SEO"},"content":{"rendered":"\t\t<div data-elementor-type=\"wp-page\" data-elementor-id=\"535\" class=\"elementor elementor-535\" data-elementor-settings=\"[]\">\n\t\t\t\t\t\t<div class=\"elementor-inner\">\n\t\t\t\t\t\t\t<div class=\"elementor-section-wrap\">\n\t\t\t\t\t\t\t<section class=\"elementor-section elementor-top-section elementor-element elementor-element-330f20b3 elementor-section-height-min-height elementor-section-full_width elementor-section-height-default elementor-section-items-middle\" data-id=\"330f20b3\" data-element_type=\"section\" data-settings=\"{&quot;background_background&quot;:&quot;gradient&quot;,&quot;shape_divider_bottom&quot;:&quot;waves&quot;}\">\n\t\t\t\t\t\t\t<div class=\"elementor-background-overlay\"><\/div>\n\t\t\t\t\t\t<div class=\"elementor-shape elementor-shape-bottom\" data-negative=\"false\">\n\t\t\t<svg xmlns=\"http:\/\/www.w3.org\/2000\/svg\" viewBox=\"0 0 1000 100\" preserveAspectRatio=\"none\">\n\t<path class=\"elementor-shape-fill\" d=\"M421.9,6.5c22.6-2.5,51.5,0.4,75.5,5.3c23.6,4.9,70.9,23.5,100.5,35.7c75.8,32.2,133.7,44.5,192.6,49.7\n\tc23.6,2.1,48.7,3.5,103.4-2.5c54.7-6,106.2-25.6,106.2-25.6V0H0v30.3c0,0,72,32.6,158.4,30.5c39.2-0.7,92.8-6.7,134-22.4\n\tc21.2-8.1,52.2-18.2,79.7-24.2C399.3,7.9,411.6,7.5,421.9,6.5z\"\/>\n<\/svg>\t\t<\/div>\n\t\t\t\t\t<div class=\"elementor-container elementor-column-gap-default\">\n\t\t\t\t\t\t\t<div class=\"elementor-row\">\n\t\t\t\t\t<div class=\"elementor-column elementor-col-100 elementor-top-column elementor-element elementor-element-77b8efe\" data-id=\"77b8efe\" data-element_type=\"column\">\n\t\t\t<div class=\"elementor-column-wrap elementor-element-populated\">\n\t\t\t\t\t\t\t<div class=\"elementor-widget-wrap\">\n\t\t\t\t\t\t<div class=\"elementor-element elementor-element-187089cc elementor-widget elementor-widget-heading\" data-id=\"187089cc\" data-element_type=\"widget\" data-widget_type=\"heading.default\">\n\t\t\t\t<div class=\"elementor-widget-container\">\n\t\t\t<h1 class=\"elementor-heading-title elementor-size-default\">Auditor\u00eda SEO<\/h1>\t\t<\/div>\n\t\t\t\t<\/div>\n\t\t\t\t<div class=\"elementor-element elementor-element-3f28e6cc elementor-widget__width-initial elementor-fixed elementor-widget elementor-widget-button\" data-id=\"3f28e6cc\" data-element_type=\"widget\" data-settings=\"{&quot;_position&quot;:&quot;fixed&quot;}\" data-widget_type=\"button.default\">\n\t\t\t\t<div class=\"elementor-widget-container\">\n\t\t\t\t\t<div class=\"elementor-button-wrapper\">\n\t\t\t<a href=\"http:\/\/webisis.es\/isis\/contacto\/\" class=\"elementor-button-link elementor-button elementor-size-md\" role=\"button\">\n\t\t\t\t\t\t<span class=\"elementor-button-content-wrapper\">\n\t\t\t\t\t\t<span class=\"elementor-button-icon elementor-align-icon-right\">\n\t\t\t\t<i aria-hidden=\"true\" class=\"fas fa-envelope\"><\/i>\t\t\t<\/span>\n\t\t\t\t\t\t<span class=\"elementor-button-text\"><\/span>\n\t\t<\/span>\n\t\t\t\t\t<\/a>\n\t\t<\/div>\n\t\t\t\t<\/div>\n\t\t\t\t<\/div>\n\t\t\t\t\t\t<\/div>\n\t\t\t\t\t<\/div>\n\t\t<\/div>\n\t\t\t\t\t\t\t\t<\/div>\n\t\t\t\t\t<\/div>\n\t\t<\/section>\n\t\t\t\t<section class=\"elementor-section elementor-top-section elementor-element elementor-element-1d2f55b elementor-section-full_width elementor-section-height-default elementor-section-height-default\" data-id=\"1d2f55b\" data-element_type=\"section\">\n\t\t\t\t\t\t<div class=\"elementor-container elementor-column-gap-default\">\n\t\t\t\t\t\t\t<div class=\"elementor-row\">\n\t\t\t\t\t<div class=\"elementor-column elementor-col-100 elementor-top-column elementor-element elementor-element-01bb08d\" data-id=\"01bb08d\" data-element_type=\"column\">\n\t\t\t<div class=\"elementor-column-wrap elementor-element-populated\">\n\t\t\t\t\t\t\t<div class=\"elementor-widget-wrap\">\n\t\t\t\t\t\t<div class=\"elementor-element elementor-element-c6ccf7b elementor-widget elementor-widget-text-editor\" data-id=\"c6ccf7b\" data-element_type=\"widget\" data-widget_type=\"text-editor.default\">\n\t\t\t\t<div class=\"elementor-widget-container\">\n\t\t\t\t\t\t\t\t<div class=\"elementor-text-editor elementor-clearfix\">\n\t\t\t\t<div id=\"panel-2837-2-0-0\" class=\"so-panel widget widget_sow-headline panel-first-child\" data-index=\"2\"><div class=\"so-widget-sow-headline so-widget-sow-headline-default-f3034e4c06d7\"><div class=\"sow-headline-container \"><p>Realizando un buen an\u00e1lisis web podemos tomar las decisiones m\u00e1s adecuadas para nuestra web. Un paso claro en direcci\u00f3n al \u00e9xito es el complemente imprescindible de las campa\u00f1as SEM.<\/p><\/div><\/div><\/div>\t\t\t\t\t<\/div>\n\t\t\t\t\t\t<\/div>\n\t\t\t\t<\/div>\n\t\t\t\t\t\t<\/div>\n\t\t\t\t\t<\/div>\n\t\t<\/div>\n\t\t\t\t\t\t\t\t<\/div>\n\t\t\t\t\t<\/div>\n\t\t<\/section>\n\t\t\t\t<section class=\"elementor-section elementor-top-section elementor-element elementor-element-106443ff elementor-section-full_width elementor-section-height-default elementor-section-height-default\" data-id=\"106443ff\" data-element_type=\"section\" data-settings=\"{&quot;background_background&quot;:&quot;classic&quot;}\">\n\t\t\t\t\t\t\t<div class=\"elementor-background-overlay\"><\/div>\n\t\t\t\t\t\t\t<div class=\"elementor-container elementor-column-gap-default\">\n\t\t\t\t\t\t\t<div class=\"elementor-row\">\n\t\t\t\t\t<div class=\"elementor-column elementor-col-100 elementor-top-column elementor-element elementor-element-9aeeaad\" data-id=\"9aeeaad\" data-element_type=\"column\">\n\t\t\t<div class=\"elementor-column-wrap elementor-element-populated\">\n\t\t\t\t\t\t\t<div class=\"elementor-widget-wrap\">\n\t\t\t\t\t\t<section class=\"elementor-section elementor-inner-section elementor-element elementor-element-78d0c1b5 elementor-section-full_width elementor-section-height-default elementor-section-height-default\" data-id=\"78d0c1b5\" data-element_type=\"section\">\n\t\t\t\t\t\t<div class=\"elementor-container elementor-column-gap-default\">\n\t\t\t\t\t\t\t<div class=\"elementor-row\">\n\t\t\t\t\t<div class=\"elementor-column elementor-col-100 elementor-inner-column elementor-element elementor-element-8a0bfc7\" data-id=\"8a0bfc7\" data-element_type=\"column\">\n\t\t\t<div class=\"elementor-column-wrap elementor-element-populated\">\n\t\t\t\t\t\t\t<div class=\"elementor-widget-wrap\">\n\t\t\t\t\t\t<div class=\"elementor-element elementor-element-6e286e1e elementor-widget elementor-widget-heading\" data-id=\"6e286e1e\" data-element_type=\"widget\" data-widget_type=\"heading.default\">\n\t\t\t\t<div class=\"elementor-widget-container\">\n\t\t\t<h2 class=\"elementor-heading-title elementor-size-default\">Conoce qui\u00e9n visita tu web.<\/h2>\t\t<\/div>\n\t\t\t\t<\/div>\n\t\t\t\t\t\t<\/div>\n\t\t\t\t\t<\/div>\n\t\t<\/div>\n\t\t\t\t\t\t\t\t<\/div>\n\t\t\t\t\t<\/div>\n\t\t<\/section>\n\t\t\t\t\t\t<\/div>\n\t\t\t\t\t<\/div>\n\t\t<\/div>\n\t\t\t\t\t\t\t\t<\/div>\n\t\t\t\t\t<\/div>\n\t\t<\/section>\n\t\t\t\t<section class=\"elementor-section elementor-top-section elementor-element elementor-element-0470686 elementor-section-full_width elementor-section-height-default elementor-section-height-default\" data-id=\"0470686\" data-element_type=\"section\">\n\t\t\t\t\t\t<div class=\"elementor-container elementor-column-gap-default\">\n\t\t\t\t\t\t\t<div class=\"elementor-row\">\n\t\t\t\t\t<div class=\"elementor-column elementor-col-100 elementor-top-column elementor-element elementor-element-36d6b4c\" data-id=\"36d6b4c\" data-element_type=\"column\">\n\t\t\t<div class=\"elementor-column-wrap elementor-element-populated\">\n\t\t\t\t\t\t\t<div class=\"elementor-widget-wrap\">\n\t\t\t\t\t\t<div class=\"elementor-element elementor-element-3bd7ebf elementor-widget elementor-widget-text-editor\" data-id=\"3bd7ebf\" data-element_type=\"widget\" data-widget_type=\"text-editor.default\">\n\t\t\t\t<div class=\"elementor-widget-container\">\n\t\t\t\t\t\t\t\t<div class=\"elementor-text-editor elementor-clearfix\">\n\t\t\t\t<p>Las m\u00e9tricas b\u00e1sicas de una anal\u00edtica web son:<\/p><p>\u2022 Visitantes a nuestro sitio web.<\/p><p>\u2022 Porcentajes de visitas nuevas.<\/p><p>\u2022 P\u00e1ginas vistas.<\/p><p>\u2022 P\u00e1ginas visitadas.<\/p><p>\u2022 Promedio de tiempo en la p\u00e1gina.<\/p>\t\t\t\t\t<\/div>\n\t\t\t\t\t\t<\/div>\n\t\t\t\t<\/div>\n\t\t\t\t\t\t<\/div>\n\t\t\t\t\t<\/div>\n\t\t<\/div>\n\t\t\t\t\t\t\t\t<\/div>\n\t\t\t\t\t<\/div>\n\t\t<\/section>\n\t\t\t\t<section class=\"elementor-section elementor-top-section elementor-element elementor-element-4bded70 elementor-section-full_width elementor-section-height-default elementor-section-height-default\" data-id=\"4bded70\" data-element_type=\"section\" data-settings=\"{&quot;background_background&quot;:&quot;classic&quot;}\">\n\t\t\t\t\t\t<div class=\"elementor-container elementor-column-gap-default\">\n\t\t\t\t\t\t\t<div class=\"elementor-row\">\n\t\t\t\t\t<div class=\"elementor-column elementor-col-50 elementor-top-column elementor-element elementor-element-40942fd\" data-id=\"40942fd\" data-element_type=\"column\">\n\t\t\t<div class=\"elementor-column-wrap elementor-element-populated\">\n\t\t\t\t\t\t\t<div class=\"elementor-widget-wrap\">\n\t\t\t\t\t\t<div class=\"elementor-element elementor-element-872bb20 elementor-widget elementor-widget-image\" data-id=\"872bb20\" data-element_type=\"widget\" data-widget_type=\"image.default\">\n\t\t\t\t<div class=\"elementor-widget-container\">\n\t\t\t\t\t\t\t\t<div class=\"elementor-image\">\n\t\t\t\t\t\t\t\t\t\t\t\t<img width=\"800\" height=\"800\" src=\"https:\/\/webisis.es\/isis\/wp-content\/uploads\/2020\/10\/3918929-1024x1024.jpg\" class=\"attachment-large size-large\" alt=\"\" loading=\"lazy\" srcset=\"https:\/\/webisis.es\/isis\/wp-content\/uploads\/2020\/10\/3918929-1024x1024.jpg 1024w, https:\/\/webisis.es\/isis\/wp-content\/uploads\/2020\/10\/3918929-300x300.jpg 300w, https:\/\/webisis.es\/isis\/wp-content\/uploads\/2020\/10\/3918929-150x150.jpg 150w, https:\/\/webisis.es\/isis\/wp-content\/uploads\/2020\/10\/3918929-768x768.jpg 768w, https:\/\/webisis.es\/isis\/wp-content\/uploads\/2020\/10\/3918929-1536x1536.jpg 1536w, https:\/\/webisis.es\/isis\/wp-content\/uploads\/2020\/10\/3918929.jpg 2000w\" sizes=\"(max-width: 800px) 100vw, 800px\" \/>\t\t\t\t\t\t\t\t\t\t\t\t\t\t<\/div>\n\t\t\t\t\t\t<\/div>\n\t\t\t\t<\/div>\n\t\t\t\t\t\t<\/div>\n\t\t\t\t\t<\/div>\n\t\t<\/div>\n\t\t\t\t<div class=\"elementor-column elementor-col-50 elementor-top-column elementor-element elementor-element-d071052\" data-id=\"d071052\" data-element_type=\"column\">\n\t\t\t<div class=\"elementor-column-wrap elementor-element-populated\">\n\t\t\t\t\t\t\t<div class=\"elementor-widget-wrap\">\n\t\t\t\t\t\t<div class=\"elementor-element elementor-element-68a7cde elementor-widget elementor-widget-heading\" data-id=\"68a7cde\" data-element_type=\"widget\" data-widget_type=\"heading.default\">\n\t\t\t\t<div class=\"elementor-widget-container\">\n\t\t\t<h2 class=\"elementor-heading-title elementor-size-default\">\u00bfQu\u00e9 son los BackLinks?<\/h2>\t\t<\/div>\n\t\t\t\t<\/div>\n\t\t\t\t<div class=\"elementor-element elementor-element-c1f49af elementor-widget elementor-widget-text-editor\" data-id=\"c1f49af\" data-element_type=\"widget\" data-widget_type=\"text-editor.default\">\n\t\t\t\t<div class=\"elementor-widget-container\">\n\t\t\t\t\t\t\t\t<div class=\"elementor-text-editor elementor-clearfix\">\n\t\t\t\t<div id=\"panel-2837-4-0-0\" class=\"so-panel widget widget_sow-headline panel-first-child\" data-index=\"5\"><div class=\"so-widget-sow-headline so-widget-sow-headline-default-c5d3074f264f\"><div class=\"sow-headline-container \"><h3 class=\"sow-sub-headline\">En el posicionamiento SEO Off Page tienen una importancia bastante primordial.<\/h3><\/div><\/div><\/div><div id=\"panel-2837-4-0-1\" class=\"so-panel widget widget_sow-headline panel-last-child\" data-index=\"6\"><div class=\"so-widget-sow-headline so-widget-sow-headline-default-d178dfb3bfc8\"><div class=\"sow-headline-container \"><p class=\"sow-sub-headline\">Cuantos m\u00e1s enlaces entrantes recibas, m\u00e1s importancia recibir\u00e1 tu sitio web, pero tambi\u00e9n hay que tener en cuenta que Google se fija en la calidad de esa cantidad de enlaces, y para ello en Ingenieros de Sistemas le ayudamos a conseguir que esos enlaces entrantes sean de buena calidad, como por ejemplo, eliminando aquellos enlaces rotos que solo nos causar\u00e1n problemas.<\/p><\/div><\/div><\/div>\t\t\t\t\t<\/div>\n\t\t\t\t\t\t<\/div>\n\t\t\t\t<\/div>\n\t\t\t\t\t\t<\/div>\n\t\t\t\t\t<\/div>\n\t\t<\/div>\n\t\t\t\t\t\t\t\t<\/div>\n\t\t\t\t\t<\/div>\n\t\t<\/section>\n\t\t\t\t\t\t<\/div>\n\t\t\t\t\t\t<\/div>\n\t\t\t\t\t<\/div>\n\t\t","protected":false},"excerpt":{"rendered":"<p>Auditor\u00eda SEO Realizando un buen an\u00e1lisis web podemos tomar las decisiones m\u00e1s adecuadas para nuestra web. Un paso claro en direcci\u00f3n al \u00e9xito es el complemente imprescindible de las campa\u00f1as SEM. Conoce qui\u00e9n visita tu web. Las m\u00e9tricas b\u00e1sicas de una anal\u00edtica web son: \u2022 Visitantes a nuestro sitio web. \u2022 Porcentajes de visitas nuevas. [&hellip;]<\/p>\n","protected":false},"author":1,"featured_media":0,"parent":4900,"menu_order":0,"comment_status":"closed","ping_status":"closed","template":"elementor_header_footer","meta":[],"yoast_head":"<!-- This site is optimized with the Yoast SEO plugin v18.0 - https:\/\/yoast.com\/wordpress\/plugins\/seo\/ -->\n<title>Auditor\u00eda SEO - IsInform\u00e1tica<\/title>\n<meta name=\"robots\" content=\"index, follow, max-snippet:-1, max-image-preview:large, max-video-preview:-1\" \/>\n<link rel=\"canonical\" href=\"https:\/\/webisis.es\/isis\/marketing-digital\/posicionamiento\/auditoria-seo\/\" \/>\n<meta property=\"og:locale\" content=\"es_ES\" \/>\n<meta property=\"og:type\" content=\"article\" \/>\n<meta property=\"og:title\" content=\"Auditor\u00eda SEO - IsInform\u00e1tica\" \/>\n<meta property=\"og:description\" content=\"Auditor\u00eda SEO Realizando un buen an\u00e1lisis web podemos tomar las decisiones m\u00e1s adecuadas para nuestra web. Un paso claro en direcci\u00f3n al \u00e9xito es el complemente imprescindible de las campa\u00f1as SEM. Conoce qui\u00e9n visita tu web. Las m\u00e9tricas b\u00e1sicas de una anal\u00edtica web son: \u2022 Visitantes a nuestro sitio web. \u2022 Porcentajes de visitas nuevas. [&hellip;]\" \/>\n<meta property=\"og:url\" content=\"https:\/\/webisis.es\/isis\/marketing-digital\/posicionamiento\/auditoria-seo\/\" \/>\n<meta property=\"og:site_name\" content=\"IsInform\u00e1tica\" \/>\n<meta property=\"article:modified_time\" content=\"2020-11-02T09:10:42+00:00\" \/>\n<meta property=\"og:image\" content=\"http:\/\/webisis.es\/isis\/wp-content\/uploads\/2020\/10\/3918929-1024x1024.jpg\" \/>\n<meta name=\"twitter:card\" content=\"summary_large_image\" \/>\n<meta name=\"twitter:label1\" content=\"Tiempo de lectura\" \/>\n\t<meta name=\"twitter:data1\" content=\"1 minuto\" \/>\n<script type=\"application\/ld+json\" class=\"yoast-schema-graph\">{\"@context\":\"https:\/\/schema.org\",\"@graph\":[{\"@type\":\"WebSite\",\"@id\":\"https:\/\/webisis.es\/isis\/#website\",\"url\":\"https:\/\/webisis.es\/isis\/\",\"name\":\"IsInform\u00e1tica\",\"description\":\"Agencia de Marketing Digital\",\"potentialAction\":[{\"@type\":\"SearchAction\",\"target\":{\"@type\":\"EntryPoint\",\"urlTemplate\":\"https:\/\/webisis.es\/isis\/?s={search_term_string}\"},\"query-input\":\"required name=search_term_string\"}],\"inLanguage\":\"es\"},{\"@type\":\"ImageObject\",\"@id\":\"https:\/\/webisis.es\/isis\/marketing-digital\/posicionamiento\/auditoria-seo\/#primaryimage\",\"inLanguage\":\"es\",\"url\":\"http:\/\/webisis.es\/isis\/wp-content\/uploads\/2020\/10\/3918929-1024x1024.jpg\",\"contentUrl\":\"http:\/\/webisis.es\/isis\/wp-content\/uploads\/2020\/10\/3918929-1024x1024.jpg\"},{\"@type\":\"WebPage\",\"@id\":\"https:\/\/webisis.es\/isis\/marketing-digital\/posicionamiento\/auditoria-seo\/#webpage\",\"url\":\"https:\/\/webisis.es\/isis\/marketing-digital\/posicionamiento\/auditoria-seo\/\",\"name\":\"Auditor\u00eda SEO - IsInform\u00e1tica\",\"isPartOf\":{\"@id\":\"https:\/\/webisis.es\/isis\/#website\"},\"primaryImageOfPage\":{\"@id\":\"https:\/\/webisis.es\/isis\/marketing-digital\/posicionamiento\/auditoria-seo\/#primaryimage\"},\"datePublished\":\"2020-10-14T09:04:12+00:00\",\"dateModified\":\"2020-11-02T09:10:42+00:00\",\"breadcrumb\":{\"@id\":\"https:\/\/webisis.es\/isis\/marketing-digital\/posicionamiento\/auditoria-seo\/#breadcrumb\"},\"inLanguage\":\"es\",\"potentialAction\":[{\"@type\":\"ReadAction\",\"target\":[\"https:\/\/webisis.es\/isis\/marketing-digital\/posicionamiento\/auditoria-seo\/\"]}]},{\"@type\":\"BreadcrumbList\",\"@id\":\"https:\/\/webisis.es\/isis\/marketing-digital\/posicionamiento\/auditoria-seo\/#breadcrumb\",\"itemListElement\":[{\"@type\":\"ListItem\",\"position\":1,\"name\":\"Portada\",\"item\":\"https:\/\/webisis.es\/isis\/\"},{\"@type\":\"ListItem\",\"position\":2,\"name\":\"Marketing Digital\",\"item\":\"https:\/\/webisis.es\/isis\/marketing-digital\/\"},{\"@type\":\"ListItem\",\"position\":3,\"name\":\"Posicionamiento\",\"item\":\"https:\/\/webisis.es\/isis\/marketing-digital\/posicionamiento\/\"},{\"@type\":\"ListItem\",\"position\":4,\"name\":\"Auditor\u00eda SEO\"}]}]}<\/script>\n<!-- \/ Yoast SEO plugin. -->","yoast_head_json":{"title":"Auditor\u00eda SEO - IsInform\u00e1tica","robots":{"index":"index","follow":"follow","max-snippet":"max-snippet:-1","max-image-preview":"max-image-preview:large","max-video-preview":"max-video-preview:-1"},"canonical":"https:\/\/webisis.es\/isis\/marketing-digital\/posicionamiento\/auditoria-seo\/","og_locale":"es_ES","og_type":"article","og_title":"Auditor\u00eda SEO - IsInform\u00e1tica","og_description":"Auditor\u00eda SEO Realizando un buen an\u00e1lisis web podemos tomar las decisiones m\u00e1s adecuadas para nuestra web. Un paso claro en direcci\u00f3n al \u00e9xito es el complemente imprescindible de las campa\u00f1as SEM. Conoce qui\u00e9n visita tu web. Las m\u00e9tricas b\u00e1sicas de una anal\u00edtica web son: \u2022 Visitantes a nuestro sitio web. \u2022 Porcentajes de visitas nuevas. [&hellip;]","og_url":"https:\/\/webisis.es\/isis\/marketing-digital\/posicionamiento\/auditoria-seo\/","og_site_name":"IsInform\u00e1tica","article_modified_time":"2020-11-02T09:10:42+00:00","og_image":[{"url":"http:\/\/webisis.es\/isis\/wp-content\/uploads\/2020\/10\/3918929-1024x1024.jpg"}],"twitter_card":"summary_large_image","twitter_misc":{"Tiempo de lectura":"1 minuto"},"schema":{"@context":"https:\/\/schema.org","@graph":[{"@type":"WebSite","@id":"https:\/\/webisis.es\/isis\/#website","url":"https:\/\/webisis.es\/isis\/","name":"IsInform\u00e1tica","description":"Agencia de Marketing Digital","potentialAction":[{"@type":"SearchAction","target":{"@type":"EntryPoint","urlTemplate":"https:\/\/webisis.es\/isis\/?s={search_term_string}"},"query-input":"required name=search_term_string"}],"inLanguage":"es"},{"@type":"ImageObject","@id":"https:\/\/webisis.es\/isis\/marketing-digital\/posicionamiento\/auditoria-seo\/#primaryimage","inLanguage":"es","url":"http:\/\/webisis.es\/isis\/wp-content\/uploads\/2020\/10\/3918929-1024x1024.jpg","contentUrl":"http:\/\/webisis.es\/isis\/wp-content\/uploads\/2020\/10\/3918929-1024x1024.jpg"},{"@type":"WebPage","@id":"https:\/\/webisis.es\/isis\/marketing-digital\/posicionamiento\/auditoria-seo\/#webpage","url":"https:\/\/webisis.es\/isis\/marketing-digital\/posicionamiento\/auditoria-seo\/","name":"Auditor\u00eda SEO - IsInform\u00e1tica","isPartOf":{"@id":"https:\/\/webisis.es\/isis\/#website"},"primaryImageOfPage":{"@id":"https:\/\/webisis.es\/isis\/marketing-digital\/posicionamiento\/auditoria-seo\/#primaryimage"},"datePublished":"2020-10-14T09:04:12+00:00","dateModified":"2020-11-02T09:10:42+00:00","breadcrumb":{"@id":"https:\/\/webisis.es\/isis\/marketing-digital\/posicionamiento\/auditoria-seo\/#breadcrumb"},"inLanguage":"es","potentialAction":[{"@type":"ReadAction","target":["https:\/\/webisis.es\/isis\/marketing-digital\/posicionamiento\/auditoria-seo\/"]}]},{"@type":"BreadcrumbList","@id":"https:\/\/webisis.es\/isis\/marketing-digital\/posicionamiento\/auditoria-seo\/#breadcrumb","itemListElement":[{"@type":"ListItem","position":1,"name":"Portada","item":"https:\/\/webisis.es\/isis\/"},{"@type":"ListItem","position":2,"name":"Marketing Digital","item":"https:\/\/webisis.es\/isis\/marketing-digital\/"},{"@type":"ListItem","position":3,"name":"Posicionamiento","item":"https:\/\/webisis.es\/isis\/marketing-digital\/posicionamiento\/"},{"@type":"ListItem","position":4,"name":"Auditor\u00eda SEO"}]}]}},"_links":{"self":[{"href":"https:\/\/webisis.es\/isis\/wp-json\/wp\/v2\/pages\/535"}],"collection":[{"href":"https:\/\/webisis.es\/isis\/wp-json\/wp\/v2\/pages"}],"about":[{"href":"https:\/\/webisis.es\/isis\/wp-json\/wp\/v2\/types\/page"}],"author":[{"embeddable":true,"href":"https:\/\/webisis.es\/isis\/wp-json\/wp\/v2\/users\/1"}],"replies":[{"embeddable":true,"href":"https:\/\/webisis.es\/isis\/wp-json\/wp\/v2\/comments?post=535"}],"version-history":[{"count":0,"href":"https:\/\/webisis.es\/isis\/wp-json\/wp\/v2\/pages\/535\/revisions"}],"up":[{"embeddable":true,"href":"https:\/\/webisis.es\/isis\/wp-json\/wp\/v2\/pages\/4900"}],"wp:attachment":[{"href":"https:\/\/webisis.es\/isis\/wp-json\/wp\/v2\/media?parent=535"}],"curies":[{"name":"wp","href":"https:\/\/api.w.org\/{rel}","templated":true}]}}