{"id":4907,"date":"2020-11-02T10:09:46","date_gmt":"2020-11-02T09:09:46","guid":{"rendered":"http:\/\/webisis.es\/isis\/?page_id=4907"},"modified":"2020-12-04T09:45:22","modified_gmt":"2020-12-04T08:45:22","slug":"desarrollo-web","status":"publish","type":"page","link":"https:\/\/webisis.es\/isis\/marketing-digital\/desarrollo-web\/","title":{"rendered":"Desarrollo Web"},"content":{"rendered":"\t\t<div data-elementor-type=\"wp-page\" data-elementor-id=\"4907\" class=\"elementor elementor-4907\" data-elementor-settings=\"[]\">\n\t\t\t\t\t\t<div class=\"elementor-inner\">\n\t\t\t\t\t\t\t<div class=\"elementor-section-wrap\">\n\t\t\t\t\t\t\t<section class=\"elementor-section elementor-top-section elementor-element elementor-element-79ec5365 elementor-section-height-min-height elementor-section-boxed elementor-section-height-default elementor-section-items-middle\" data-id=\"79ec5365\" data-element_type=\"section\" data-settings=\"{&quot;background_background&quot;:&quot;gradient&quot;,&quot;shape_divider_bottom&quot;:&quot;waves&quot;}\">\n\t\t\t\t\t\t\t<div class=\"elementor-background-overlay\"><\/div>\n\t\t\t\t\t\t<div class=\"elementor-shape elementor-shape-bottom\" data-negative=\"false\">\n\t\t\t<svg xmlns=\"http:\/\/www.w3.org\/2000\/svg\" viewBox=\"0 0 1000 100\" preserveAspectRatio=\"none\">\n\t<path class=\"elementor-shape-fill\" d=\"M421.9,6.5c22.6-2.5,51.5,0.4,75.5,5.3c23.6,4.9,70.9,23.5,100.5,35.7c75.8,32.2,133.7,44.5,192.6,49.7\n\tc23.6,2.1,48.7,3.5,103.4-2.5c54.7-6,106.2-25.6,106.2-25.6V0H0v30.3c0,0,72,32.6,158.4,30.5c39.2-0.7,92.8-6.7,134-22.4\n\tc21.2-8.1,52.2-18.2,79.7-24.2C399.3,7.9,411.6,7.5,421.9,6.5z\"\/>\n<\/svg>\t\t<\/div>\n\t\t\t\t\t<div class=\"elementor-container elementor-column-gap-default\">\n\t\t\t\t\t\t\t<div class=\"elementor-row\">\n\t\t\t\t\t<div class=\"elementor-column elementor-col-100 elementor-top-column elementor-element elementor-element-1a4d4a1\" data-id=\"1a4d4a1\" data-element_type=\"column\">\n\t\t\t<div class=\"elementor-column-wrap elementor-element-populated\">\n\t\t\t\t\t\t\t<div class=\"elementor-widget-wrap\">\n\t\t\t\t\t\t<div class=\"elementor-element elementor-element-1f63b81a elementor-widget elementor-widget-heading\" data-id=\"1f63b81a\" data-element_type=\"widget\" data-widget_type=\"heading.default\">\n\t\t\t\t<div class=\"elementor-widget-container\">\n\t\t\t<h1 class=\"elementor-heading-title elementor-size-default\">Desarrollo Web<\/h1>\t\t<\/div>\n\t\t\t\t<\/div>\n\t\t\t\t<div class=\"elementor-element elementor-element-6d9026c0 elementor-widget__width-initial elementor-fixed elementor-widget elementor-widget-button\" data-id=\"6d9026c0\" data-element_type=\"widget\" data-settings=\"{&quot;_position&quot;:&quot;fixed&quot;}\" data-widget_type=\"button.default\">\n\t\t\t\t<div class=\"elementor-widget-container\">\n\t\t\t\t\t<div class=\"elementor-button-wrapper\">\n\t\t\t<a href=\"http:\/\/webisis.es\/isis\/contacto\/\" class=\"elementor-button-link elementor-button elementor-size-md\" role=\"button\">\n\t\t\t\t\t\t<span class=\"elementor-button-content-wrapper\">\n\t\t\t\t\t\t<span class=\"elementor-button-icon elementor-align-icon-right\">\n\t\t\t\t<i aria-hidden=\"true\" class=\"fas fa-envelope\"><\/i>\t\t\t<\/span>\n\t\t\t\t\t\t<span class=\"elementor-button-text\"><\/span>\n\t\t<\/span>\n\t\t\t\t\t<\/a>\n\t\t<\/div>\n\t\t\t\t<\/div>\n\t\t\t\t<\/div>\n\t\t\t\t\t\t<\/div>\n\t\t\t\t\t<\/div>\n\t\t<\/div>\n\t\t\t\t\t\t\t\t<\/div>\n\t\t\t\t\t<\/div>\n\t\t<\/section>\n\t\t\t\t<section class=\"elementor-section elementor-top-section elementor-element elementor-element-7ee155b elementor-section-full_width elementor-section-height-default elementor-section-height-default\" data-id=\"7ee155b\" data-element_type=\"section\">\n\t\t\t\t\t\t<div class=\"elementor-container elementor-column-gap-default\">\n\t\t\t\t\t\t\t<div class=\"elementor-row\">\n\t\t\t\t\t<div class=\"elementor-column elementor-col-100 elementor-top-column elementor-element elementor-element-9c1f1a4\" data-id=\"9c1f1a4\" data-element_type=\"column\">\n\t\t\t<div class=\"elementor-column-wrap elementor-element-populated\">\n\t\t\t\t\t\t\t<div class=\"elementor-widget-wrap\">\n\t\t\t\t\t\t<div class=\"elementor-element elementor-element-307acba elementor-widget elementor-widget-text-editor\" data-id=\"307acba\" data-element_type=\"widget\" data-widget_type=\"text-editor.default\">\n\t\t\t\t<div class=\"elementor-widget-container\">\n\t\t\t\t\t\t\t\t<div class=\"elementor-text-editor elementor-clearfix\">\n\t\t\t\t<div id=\"panel-2837-2-0-0\" class=\"so-panel widget widget_sow-headline panel-first-child\" data-index=\"2\"><div class=\"so-widget-sow-headline so-widget-sow-headline-default-f3034e4c06d7\"><div class=\"sow-headline-container \"><p>Somos expertos en el desarrollo y posicionamiento web, nuestra empresa lleva a\u00f1os trabajando en el desarrollo de diversas p\u00e1ginas web desde blogs hasta e-commerce, donde somos expertos.<\/p><\/div><\/div><\/div><div id=\"panel-2837-2-0-1\" class=\"so-panel widget widget_sow-headline panel-last-child\" data-index=\"3\"><div class=\"so-widget-sow-headline so-widget-sow-headline-default-f3034e4c06d7\"><div class=\"sow-headline-container \"><p class=\"sow-sub-headline\">\u00a0<\/p><\/div><\/div><\/div>\t\t\t\t\t<\/div>\n\t\t\t\t\t\t<\/div>\n\t\t\t\t<\/div>\n\t\t\t\t\t\t<\/div>\n\t\t\t\t\t<\/div>\n\t\t<\/div>\n\t\t\t\t\t\t\t\t<\/div>\n\t\t\t\t\t<\/div>\n\t\t<\/section>\n\t\t\t\t<section class=\"elementor-section elementor-top-section elementor-element elementor-element-6dbd9e5 elementor-section-full_width elementor-section-height-default elementor-section-height-default\" data-id=\"6dbd9e5\" data-element_type=\"section\">\n\t\t\t\t\t\t<div class=\"elementor-container elementor-column-gap-default\">\n\t\t\t\t\t\t\t<div class=\"elementor-row\">\n\t\t\t\t\t<div class=\"elementor-column elementor-col-50 elementor-top-column elementor-element elementor-element-b998bd4\" data-id=\"b998bd4\" data-element_type=\"column\">\n\t\t\t<div class=\"elementor-column-wrap elementor-element-populated\">\n\t\t\t\t\t\t\t<div class=\"elementor-widget-wrap\">\n\t\t\t\t\t\t<div class=\"elementor-element elementor-element-779b8d4 elementor-widget elementor-widget-heading\" data-id=\"779b8d4\" data-element_type=\"widget\" data-widget_type=\"heading.default\">\n\t\t\t\t<div class=\"elementor-widget-container\">\n\t\t\t<h2 class=\"elementor-heading-title elementor-size-default\">E-Commerce o tienda Online<\/h2>\t\t<\/div>\n\t\t\t\t<\/div>\n\t\t\t\t<div class=\"elementor-element elementor-element-fff7f86 elementor-widget elementor-widget-text-editor\" data-id=\"fff7f86\" data-element_type=\"widget\" data-widget_type=\"text-editor.default\">\n\t\t\t\t<div class=\"elementor-widget-container\">\n\t\t\t\t\t\t\t\t<div class=\"elementor-text-editor elementor-clearfix\">\n\t\t\t\t<div id=\"panel-2837-4-0-0\" class=\"so-panel widget widget_sow-headline panel-first-child\" data-index=\"5\"><div class=\"so-widget-sow-headline so-widget-sow-headline-default-c5d3074f264f\"><div class=\"sow-headline-container \"><p>\u00bfQuieres montar tu tienda Online para aumentar tus ventas? Es una gran decisi\u00f3n, hoy en d\u00eda cada vez m\u00e1s gente realiza sus compras a trav\u00e9s de internet.<\/p><p>Dise\u00f1amos tu tienda online de forma profesional y dejamos todo preparado para ganar clientes y que t\u00fa s\u00f3lo tengas que vender. Con un dise\u00f1o responsive para que tu web se adapte\u00a0 a todos los dispositivos.<\/p><h5 class=\"sow-sub-headline\">Ya contamos con varias tiendas Online que no paran de vender, \u00bfa qu\u00e9 esperas t\u00fa?.<\/h5><\/div><\/div><\/div>\t\t\t\t\t<\/div>\n\t\t\t\t\t\t<\/div>\n\t\t\t\t<\/div>\n\t\t\t\t\t\t<\/div>\n\t\t\t\t\t<\/div>\n\t\t<\/div>\n\t\t\t\t<div class=\"elementor-column elementor-col-50 elementor-top-column elementor-element elementor-element-be196e6\" data-id=\"be196e6\" data-element_type=\"column\">\n\t\t\t<div class=\"elementor-column-wrap elementor-element-populated\">\n\t\t\t\t\t\t\t<div class=\"elementor-widget-wrap\">\n\t\t\t\t\t\t<div class=\"elementor-element elementor-element-2b21ded elementor-widget elementor-widget-image\" data-id=\"2b21ded\" data-element_type=\"widget\" data-widget_type=\"image.default\">\n\t\t\t\t<div class=\"elementor-widget-container\">\n\t\t\t\t\t\t\t\t<div class=\"elementor-image\">\n\t\t\t\t\t\t\t\t\t\t\t\t<img src=\"https:\/\/webisis.es\/isis\/wp-content\/uploads\/2018\/10\/ecommerce-2607114_1280.jpg\" title=\"ecommerce-2607114_1280\" alt=\"ecommerce-2607114_1280\" \/>\t\t\t\t\t\t\t\t\t\t\t\t\t\t<\/div>\n\t\t\t\t\t\t<\/div>\n\t\t\t\t<\/div>\n\t\t\t\t\t\t<\/div>\n\t\t\t\t\t<\/div>\n\t\t<\/div>\n\t\t\t\t\t\t\t\t<\/div>\n\t\t\t\t\t<\/div>\n\t\t<\/section>\n\t\t\t\t\t\t<\/div>\n\t\t\t\t\t\t<\/div>\n\t\t\t\t\t<\/div>\n\t\t","protected":false},"excerpt":{"rendered":"<p>Desarrollo Web Somos expertos en el desarrollo y posicionamiento web, nuestra empresa lleva a\u00f1os trabajando en el desarrollo de diversas p\u00e1ginas web desde blogs hasta e-commerce, donde somos expertos. \u00a0 E-Commerce o tienda Online \u00bfQuieres montar tu tienda Online para aumentar tus ventas? Es una gran decisi\u00f3n, hoy en d\u00eda cada vez m\u00e1s gente realiza [&hellip;]<\/p>\n","protected":false},"author":1,"featured_media":0,"parent":364,"menu_order":0,"comment_status":"closed","ping_status":"closed","template":"elementor_header_footer","meta":[],"yoast_head":"<!-- This site is optimized with the Yoast SEO plugin v18.0 - https:\/\/yoast.com\/wordpress\/plugins\/seo\/ -->\n<title>Desarrollo Web - IsInform\u00e1tica<\/title>\n<meta name=\"robots\" content=\"index, follow, max-snippet:-1, max-image-preview:large, max-video-preview:-1\" \/>\n<link rel=\"canonical\" href=\"https:\/\/webisis.es\/isis\/marketing-digital\/desarrollo-web\/\" \/>\n<meta property=\"og:locale\" content=\"es_ES\" \/>\n<meta property=\"og:type\" content=\"article\" \/>\n<meta property=\"og:title\" content=\"Desarrollo Web - IsInform\u00e1tica\" \/>\n<meta property=\"og:description\" content=\"Desarrollo Web Somos expertos en el desarrollo y posicionamiento web, nuestra empresa lleva a\u00f1os trabajando en el desarrollo de diversas p\u00e1ginas web desde blogs hasta e-commerce, donde somos expertos. \u00a0 E-Commerce o tienda Online \u00bfQuieres montar tu tienda Online para aumentar tus ventas? Es una gran decisi\u00f3n, hoy en d\u00eda cada vez m\u00e1s gente realiza [&hellip;]\" \/>\n<meta property=\"og:url\" content=\"https:\/\/webisis.es\/isis\/marketing-digital\/desarrollo-web\/\" \/>\n<meta property=\"og:site_name\" content=\"IsInform\u00e1tica\" \/>\n<meta property=\"article:modified_time\" content=\"2020-12-04T08:45:22+00:00\" \/>\n<meta property=\"og:image\" content=\"http:\/\/webisis.es\/isis\/wp-content\/uploads\/elementor\/thumbs\/ecommerce-2607114_1280-oxoqqxsnqtothe1umhzwtnvo0sj55iuavj73pwp69s.jpg\" \/>\n<meta name=\"twitter:card\" content=\"summary_large_image\" \/>\n<meta name=\"twitter:label1\" content=\"Tiempo de lectura\" \/>\n\t<meta name=\"twitter:data1\" content=\"1 minuto\" \/>\n<script type=\"application\/ld+json\" class=\"yoast-schema-graph\">{\"@context\":\"https:\/\/schema.org\",\"@graph\":[{\"@type\":\"WebSite\",\"@id\":\"https:\/\/webisis.es\/isis\/#website\",\"url\":\"https:\/\/webisis.es\/isis\/\",\"name\":\"IsInform\u00e1tica\",\"description\":\"Agencia de Marketing Digital\",\"potentialAction\":[{\"@type\":\"SearchAction\",\"target\":{\"@type\":\"EntryPoint\",\"urlTemplate\":\"https:\/\/webisis.es\/isis\/?s={search_term_string}\"},\"query-input\":\"required name=search_term_string\"}],\"inLanguage\":\"es\"},{\"@type\":\"ImageObject\",\"@id\":\"https:\/\/webisis.es\/isis\/marketing-digital\/desarrollo-web\/#primaryimage\",\"inLanguage\":\"es\",\"url\":\"http:\/\/webisis.es\/isis\/wp-content\/uploads\/elementor\/thumbs\/ecommerce-2607114_1280-oxoqqxsnqtothe1umhzwtnvo0sj55iuavj73pwp69s.jpg\",\"contentUrl\":\"http:\/\/webisis.es\/isis\/wp-content\/uploads\/elementor\/thumbs\/ecommerce-2607114_1280-oxoqqxsnqtothe1umhzwtnvo0sj55iuavj73pwp69s.jpg\"},{\"@type\":\"WebPage\",\"@id\":\"https:\/\/webisis.es\/isis\/marketing-digital\/desarrollo-web\/#webpage\",\"url\":\"https:\/\/webisis.es\/isis\/marketing-digital\/desarrollo-web\/\",\"name\":\"Desarrollo Web - IsInform\u00e1tica\",\"isPartOf\":{\"@id\":\"https:\/\/webisis.es\/isis\/#website\"},\"primaryImageOfPage\":{\"@id\":\"https:\/\/webisis.es\/isis\/marketing-digital\/desarrollo-web\/#primaryimage\"},\"datePublished\":\"2020-11-02T09:09:46+00:00\",\"dateModified\":\"2020-12-04T08:45:22+00:00\",\"breadcrumb\":{\"@id\":\"https:\/\/webisis.es\/isis\/marketing-digital\/desarrollo-web\/#breadcrumb\"},\"inLanguage\":\"es\",\"potentialAction\":[{\"@type\":\"ReadAction\",\"target\":[\"https:\/\/webisis.es\/isis\/marketing-digital\/desarrollo-web\/\"]}]},{\"@type\":\"BreadcrumbList\",\"@id\":\"https:\/\/webisis.es\/isis\/marketing-digital\/desarrollo-web\/#breadcrumb\",\"itemListElement\":[{\"@type\":\"ListItem\",\"position\":1,\"name\":\"Portada\",\"item\":\"https:\/\/webisis.es\/isis\/\"},{\"@type\":\"ListItem\",\"position\":2,\"name\":\"Marketing Digital\",\"item\":\"https:\/\/webisis.es\/isis\/marketing-digital\/\"},{\"@type\":\"ListItem\",\"position\":3,\"name\":\"Desarrollo Web\"}]}]}<\/script>\n<!-- \/ Yoast SEO plugin. -->","yoast_head_json":{"title":"Desarrollo Web - IsInform\u00e1tica","robots":{"index":"index","follow":"follow","max-snippet":"max-snippet:-1","max-image-preview":"max-image-preview:large","max-video-preview":"max-video-preview:-1"},"canonical":"https:\/\/webisis.es\/isis\/marketing-digital\/desarrollo-web\/","og_locale":"es_ES","og_type":"article","og_title":"Desarrollo Web - IsInform\u00e1tica","og_description":"Desarrollo Web Somos expertos en el desarrollo y posicionamiento web, nuestra empresa lleva a\u00f1os trabajando en el desarrollo de diversas p\u00e1ginas web desde blogs hasta e-commerce, donde somos expertos. \u00a0 E-Commerce o tienda Online \u00bfQuieres montar tu tienda Online para aumentar tus ventas? Es una gran decisi\u00f3n, hoy en d\u00eda cada vez m\u00e1s gente realiza [&hellip;]","og_url":"https:\/\/webisis.es\/isis\/marketing-digital\/desarrollo-web\/","og_site_name":"IsInform\u00e1tica","article_modified_time":"2020-12-04T08:45:22+00:00","og_image":[{"url":"http:\/\/webisis.es\/isis\/wp-content\/uploads\/elementor\/thumbs\/ecommerce-2607114_1280-oxoqqxsnqtothe1umhzwtnvo0sj55iuavj73pwp69s.jpg"}],"twitter_card":"summary_large_image","twitter_misc":{"Tiempo de lectura":"1 minuto"},"schema":{"@context":"https:\/\/schema.org","@graph":[{"@type":"WebSite","@id":"https:\/\/webisis.es\/isis\/#website","url":"https:\/\/webisis.es\/isis\/","name":"IsInform\u00e1tica","description":"Agencia de Marketing Digital","potentialAction":[{"@type":"SearchAction","target":{"@type":"EntryPoint","urlTemplate":"https:\/\/webisis.es\/isis\/?s={search_term_string}"},"query-input":"required name=search_term_string"}],"inLanguage":"es"},{"@type":"ImageObject","@id":"https:\/\/webisis.es\/isis\/marketing-digital\/desarrollo-web\/#primaryimage","inLanguage":"es","url":"http:\/\/webisis.es\/isis\/wp-content\/uploads\/elementor\/thumbs\/ecommerce-2607114_1280-oxoqqxsnqtothe1umhzwtnvo0sj55iuavj73pwp69s.jpg","contentUrl":"http:\/\/webisis.es\/isis\/wp-content\/uploads\/elementor\/thumbs\/ecommerce-2607114_1280-oxoqqxsnqtothe1umhzwtnvo0sj55iuavj73pwp69s.jpg"},{"@type":"WebPage","@id":"https:\/\/webisis.es\/isis\/marketing-digital\/desarrollo-web\/#webpage","url":"https:\/\/webisis.es\/isis\/marketing-digital\/desarrollo-web\/","name":"Desarrollo Web - IsInform\u00e1tica","isPartOf":{"@id":"https:\/\/webisis.es\/isis\/#website"},"primaryImageOfPage":{"@id":"https:\/\/webisis.es\/isis\/marketing-digital\/desarrollo-web\/#primaryimage"},"datePublished":"2020-11-02T09:09:46+00:00","dateModified":"2020-12-04T08:45:22+00:00","breadcrumb":{"@id":"https:\/\/webisis.es\/isis\/marketing-digital\/desarrollo-web\/#breadcrumb"},"inLanguage":"es","potentialAction":[{"@type":"ReadAction","target":["https:\/\/webisis.es\/isis\/marketing-digital\/desarrollo-web\/"]}]},{"@type":"BreadcrumbList","@id":"https:\/\/webisis.es\/isis\/marketing-digital\/desarrollo-web\/#breadcrumb","itemListElement":[{"@type":"ListItem","position":1,"name":"Portada","item":"https:\/\/webisis.es\/isis\/"},{"@type":"ListItem","position":2,"name":"Marketing Digital","item":"https:\/\/webisis.es\/isis\/marketing-digital\/"},{"@type":"ListItem","position":3,"name":"Desarrollo Web"}]}]}},"_links":{"self":[{"href":"https:\/\/webisis.es\/isis\/wp-json\/wp\/v2\/pages\/4907"}],"collection":[{"href":"https:\/\/webisis.es\/isis\/wp-json\/wp\/v2\/pages"}],"about":[{"href":"https:\/\/webisis.es\/isis\/wp-json\/wp\/v2\/types\/page"}],"author":[{"embeddable":true,"href":"https:\/\/webisis.es\/isis\/wp-json\/wp\/v2\/users\/1"}],"replies":[{"embeddable":true,"href":"https:\/\/webisis.es\/isis\/wp-json\/wp\/v2\/comments?post=4907"}],"version-history":[{"count":10,"href":"https:\/\/webisis.es\/isis\/wp-json\/wp\/v2\/pages\/4907\/revisions"}],"predecessor-version":[{"id":5083,"href":"https:\/\/webisis.es\/isis\/wp-json\/wp\/v2\/pages\/4907\/revisions\/5083"}],"up":[{"embeddable":true,"href":"https:\/\/webisis.es\/isis\/wp-json\/wp\/v2\/pages\/364"}],"wp:attachment":[{"href":"https:\/\/webisis.es\/isis\/wp-json\/wp\/v2\/media?parent=4907"}],"curies":[{"name":"wp","href":"https:\/\/api.w.org\/{rel}","templated":true}]}}