{"id":1101,"date":"2020-10-19T10:33:08","date_gmt":"2020-10-19T09:33:08","guid":{"rendered":"http:\/\/webisis.es\/isis\/?page_id=1101"},"modified":"2020-10-27T10:24:32","modified_gmt":"2020-10-27T09:24:32","slug":"conectividad","status":"publish","type":"page","link":"https:\/\/webisis.es\/isis\/redes\/servicios\/conectividad\/","title":{"rendered":"Conectividad"},"content":{"rendered":"\t\t<div data-elementor-type=\"wp-page\" data-elementor-id=\"1101\" class=\"elementor elementor-1101\" data-elementor-settings=\"[]\">\n\t\t\t\t\t\t<div class=\"elementor-inner\">\n\t\t\t\t\t\t\t<div class=\"elementor-section-wrap\">\n\t\t\t\t\t\t\t<section class=\"elementor-section elementor-top-section elementor-element elementor-element-2d65cf58 elementor-section-height-min-height elementor-section-boxed elementor-section-height-default elementor-section-items-middle\" data-id=\"2d65cf58\" data-element_type=\"section\" data-settings=\"{&quot;background_background&quot;:&quot;gradient&quot;,&quot;shape_divider_bottom&quot;:&quot;waves&quot;}\">\n\t\t\t\t\t\t\t<div class=\"elementor-background-overlay\"><\/div>\n\t\t\t\t\t\t<div class=\"elementor-shape elementor-shape-bottom\" data-negative=\"false\">\n\t\t\t<svg xmlns=\"http:\/\/www.w3.org\/2000\/svg\" viewBox=\"0 0 1000 100\" preserveAspectRatio=\"none\">\n\t<path class=\"elementor-shape-fill\" d=\"M421.9,6.5c22.6-2.5,51.5,0.4,75.5,5.3c23.6,4.9,70.9,23.5,100.5,35.7c75.8,32.2,133.7,44.5,192.6,49.7\n\tc23.6,2.1,48.7,3.5,103.4-2.5c54.7-6,106.2-25.6,106.2-25.6V0H0v30.3c0,0,72,32.6,158.4,30.5c39.2-0.7,92.8-6.7,134-22.4\n\tc21.2-8.1,52.2-18.2,79.7-24.2C399.3,7.9,411.6,7.5,421.9,6.5z\"\/>\n<\/svg>\t\t<\/div>\n\t\t\t\t\t<div class=\"elementor-container elementor-column-gap-default\">\n\t\t\t\t\t\t\t<div class=\"elementor-row\">\n\t\t\t\t\t<div class=\"elementor-column elementor-col-100 elementor-top-column elementor-element elementor-element-89c3e58\" data-id=\"89c3e58\" data-element_type=\"column\">\n\t\t\t<div class=\"elementor-column-wrap elementor-element-populated\">\n\t\t\t\t\t\t\t<div class=\"elementor-widget-wrap\">\n\t\t\t\t\t\t<div class=\"elementor-element elementor-element-319a59f elementor-widget elementor-widget-heading\" data-id=\"319a59f\" data-element_type=\"widget\" data-widget_type=\"heading.default\">\n\t\t\t\t<div class=\"elementor-widget-container\">\n\t\t\t<h1 class=\"elementor-heading-title elementor-size-default\">Conectividad<\/h1>\t\t<\/div>\n\t\t\t\t<\/div>\n\t\t\t\t<div class=\"elementor-element elementor-element-2d9adcba elementor-widget__width-initial elementor-fixed elementor-widget elementor-widget-button\" data-id=\"2d9adcba\" data-element_type=\"widget\" data-settings=\"{&quot;_position&quot;:&quot;fixed&quot;}\" data-widget_type=\"button.default\">\n\t\t\t\t<div class=\"elementor-widget-container\">\n\t\t\t\t\t<div class=\"elementor-button-wrapper\">\n\t\t\t<a href=\"http:\/\/webisis.es\/isis\/contacto\/\" class=\"elementor-button-link elementor-button elementor-size-md\" role=\"button\">\n\t\t\t\t\t\t<span class=\"elementor-button-content-wrapper\">\n\t\t\t\t\t\t<span class=\"elementor-button-icon elementor-align-icon-right\">\n\t\t\t\t<i aria-hidden=\"true\" class=\"fas fa-envelope\"><\/i>\t\t\t<\/span>\n\t\t\t\t\t\t<span class=\"elementor-button-text\"><\/span>\n\t\t<\/span>\n\t\t\t\t\t<\/a>\n\t\t<\/div>\n\t\t\t\t<\/div>\n\t\t\t\t<\/div>\n\t\t\t\t\t\t<\/div>\n\t\t\t\t\t<\/div>\n\t\t<\/div>\n\t\t\t\t\t\t\t\t<\/div>\n\t\t\t\t\t<\/div>\n\t\t<\/section>\n\t\t\t\t<section class=\"elementor-section elementor-top-section elementor-element elementor-element-5ac80f82 elementor-section-full_width elementor-section-height-default elementor-section-height-default\" data-id=\"5ac80f82\" data-element_type=\"section\">\n\t\t\t\t\t\t<div class=\"elementor-container elementor-column-gap-default\">\n\t\t\t\t\t\t\t<div class=\"elementor-row\">\n\t\t\t\t\t<div class=\"elementor-column elementor-col-50 elementor-top-column elementor-element elementor-element-15e016b1\" data-id=\"15e016b1\" data-element_type=\"column\">\n\t\t\t<div class=\"elementor-column-wrap elementor-element-populated\">\n\t\t\t\t\t\t\t<div class=\"elementor-widget-wrap\">\n\t\t\t\t\t\t<div class=\"elementor-element elementor-element-6ca0dba elementor-widget elementor-widget-image\" data-id=\"6ca0dba\" data-element_type=\"widget\" data-widget_type=\"image.default\">\n\t\t\t\t<div class=\"elementor-widget-container\">\n\t\t\t\t\t\t\t\t<div class=\"elementor-image\">\n\t\t\t\t\t\t\t\t\t\t\t\t<img width=\"800\" height=\"532\" src=\"https:\/\/webisis.es\/isis\/wp-content\/uploads\/2020\/10\/pexels-brett-sayles-2881232-1024x681.jpg\" class=\"attachment-large size-large\" alt=\"\" loading=\"lazy\" srcset=\"https:\/\/webisis.es\/isis\/wp-content\/uploads\/2020\/10\/pexels-brett-sayles-2881232-1024x681.jpg 1024w, https:\/\/webisis.es\/isis\/wp-content\/uploads\/2020\/10\/pexels-brett-sayles-2881232-300x200.jpg 300w, https:\/\/webisis.es\/isis\/wp-content\/uploads\/2020\/10\/pexels-brett-sayles-2881232-768x511.jpg 768w, https:\/\/webisis.es\/isis\/wp-content\/uploads\/2020\/10\/pexels-brett-sayles-2881232-1536x1022.jpg 1536w, https:\/\/webisis.es\/isis\/wp-content\/uploads\/2020\/10\/pexels-brett-sayles-2881232-2048x1363.jpg 2048w\" sizes=\"(max-width: 800px) 100vw, 800px\" \/>\t\t\t\t\t\t\t\t\t\t\t\t\t\t<\/div>\n\t\t\t\t\t\t<\/div>\n\t\t\t\t<\/div>\n\t\t\t\t\t\t<\/div>\n\t\t\t\t\t<\/div>\n\t\t<\/div>\n\t\t\t\t<div class=\"elementor-column elementor-col-50 elementor-top-column elementor-element elementor-element-76d5372b\" data-id=\"76d5372b\" data-element_type=\"column\">\n\t\t\t<div class=\"elementor-column-wrap elementor-element-populated\">\n\t\t\t\t\t\t\t<div class=\"elementor-widget-wrap\">\n\t\t\t\t\t\t<div class=\"elementor-element elementor-element-376d5b9d elementor-widget elementor-widget-text-editor\" data-id=\"376d5b9d\" data-element_type=\"widget\" data-widget_type=\"text-editor.default\">\n\t\t\t\t<div class=\"elementor-widget-container\">\n\t\t\t\t\t\t\t\t<div class=\"elementor-text-editor elementor-clearfix\">\n\t\t\t\t<div id=\"panel-2837-4-0-0\" class=\"so-panel widget widget_sow-headline panel-first-child\" data-index=\"5\"><div class=\"so-widget-sow-headline so-widget-sow-headline-default-c5d3074f264f\"><div class=\"sow-headline-container \"><p><strong>Sistema de Cableado Estructurado Cat. 7<\/strong><\/p><p><strong>Sistema de Cableado Estructurado Cat. 6A<\/strong><\/p><p><strong>Sistema de Cableado Estructurado Cat. 6<\/strong><\/p><p><strong>Sistema de Cableado Estructurado Cat. 5e<\/strong><\/p><p><strong>Herramientas de Cableado Estructurado<\/strong><\/p><p><strong>Productos Modulares Multimedia<\/strong><\/p><p><strong>Cableado Estructurado El\u00e9ctrico<\/strong><\/p><p><strong>Cajas Modulares<\/strong><\/p><p><strong>Electr\u00f3nica de Red<\/strong><\/p><p><strong>I.C.T. [Infraestructura Com\u00fan de Telecomunicaciones]<\/strong><\/p><\/div><\/div><\/div>\t\t\t\t\t<\/div>\n\t\t\t\t\t\t<\/div>\n\t\t\t\t<\/div>\n\t\t\t\t\t\t<\/div>\n\t\t\t\t\t<\/div>\n\t\t<\/div>\n\t\t\t\t\t\t\t\t<\/div>\n\t\t\t\t\t<\/div>\n\t\t<\/section>\n\t\t\t\t\t\t<\/div>\n\t\t\t\t\t\t<\/div>\n\t\t\t\t\t<\/div>\n\t\t","protected":false},"excerpt":{"rendered":"<p>Conectividad Sistema de Cableado Estructurado Cat. 7 Sistema de Cableado Estructurado Cat. 6A Sistema de Cableado Estructurado Cat. 6 Sistema de Cableado Estructurado Cat. 5e Herramientas de Cableado Estructurado Productos Modulares Multimedia Cableado Estructurado El\u00e9ctrico Cajas Modulares Electr\u00f3nica de Red I.C.T. [Infraestructura Com\u00fan de Telecomunicaciones]<\/p>\n","protected":false},"author":1,"featured_media":0,"parent":986,"menu_order":0,"comment_status":"closed","ping_status":"closed","template":"elementor_header_footer","meta":[],"yoast_head":"<!-- This site is optimized with the Yoast SEO plugin v18.0 - https:\/\/yoast.com\/wordpress\/plugins\/seo\/ -->\n<title>Conectividad - IsInform\u00e1tica<\/title>\n<meta name=\"robots\" content=\"index, follow, max-snippet:-1, max-image-preview:large, max-video-preview:-1\" \/>\n<link rel=\"canonical\" href=\"https:\/\/webisis.es\/isis\/redes\/servicios\/conectividad\/\" \/>\n<meta property=\"og:locale\" content=\"es_ES\" \/>\n<meta property=\"og:type\" content=\"article\" \/>\n<meta property=\"og:title\" content=\"Conectividad - IsInform\u00e1tica\" \/>\n<meta property=\"og:description\" content=\"Conectividad Sistema de Cableado Estructurado Cat. 7 Sistema de Cableado Estructurado Cat. 6A Sistema de Cableado Estructurado Cat. 6 Sistema de Cableado Estructurado Cat. 5e Herramientas de Cableado Estructurado Productos Modulares Multimedia Cableado Estructurado El\u00e9ctrico Cajas Modulares Electr\u00f3nica de Red I.C.T. [Infraestructura Com\u00fan de Telecomunicaciones]\" \/>\n<meta property=\"og:url\" content=\"https:\/\/webisis.es\/isis\/redes\/servicios\/conectividad\/\" \/>\n<meta property=\"og:site_name\" content=\"IsInform\u00e1tica\" \/>\n<meta property=\"article:modified_time\" content=\"2020-10-27T09:24:32+00:00\" \/>\n<meta property=\"og:image\" content=\"http:\/\/webisis.es\/isis\/wp-content\/uploads\/2020\/10\/pexels-brett-sayles-2881232-1024x681.jpg\" \/>\n<meta name=\"twitter:card\" content=\"summary_large_image\" \/>\n<script type=\"application\/ld+json\" class=\"yoast-schema-graph\">{\"@context\":\"https:\/\/schema.org\",\"@graph\":[{\"@type\":\"WebSite\",\"@id\":\"https:\/\/webisis.es\/isis\/#website\",\"url\":\"https:\/\/webisis.es\/isis\/\",\"name\":\"IsInform\u00e1tica\",\"description\":\"Agencia de Marketing Digital\",\"potentialAction\":[{\"@type\":\"SearchAction\",\"target\":{\"@type\":\"EntryPoint\",\"urlTemplate\":\"https:\/\/webisis.es\/isis\/?s={search_term_string}\"},\"query-input\":\"required name=search_term_string\"}],\"inLanguage\":\"es\"},{\"@type\":\"ImageObject\",\"@id\":\"https:\/\/webisis.es\/isis\/redes\/servicios\/conectividad\/#primaryimage\",\"inLanguage\":\"es\",\"url\":\"http:\/\/webisis.es\/isis\/wp-content\/uploads\/2020\/10\/pexels-brett-sayles-2881232-1024x681.jpg\",\"contentUrl\":\"http:\/\/webisis.es\/isis\/wp-content\/uploads\/2020\/10\/pexels-brett-sayles-2881232-1024x681.jpg\"},{\"@type\":\"WebPage\",\"@id\":\"https:\/\/webisis.es\/isis\/redes\/servicios\/conectividad\/#webpage\",\"url\":\"https:\/\/webisis.es\/isis\/redes\/servicios\/conectividad\/\",\"name\":\"Conectividad - IsInform\u00e1tica\",\"isPartOf\":{\"@id\":\"https:\/\/webisis.es\/isis\/#website\"},\"primaryImageOfPage\":{\"@id\":\"https:\/\/webisis.es\/isis\/redes\/servicios\/conectividad\/#primaryimage\"},\"datePublished\":\"2020-10-19T09:33:08+00:00\",\"dateModified\":\"2020-10-27T09:24:32+00:00\",\"breadcrumb\":{\"@id\":\"https:\/\/webisis.es\/isis\/redes\/servicios\/conectividad\/#breadcrumb\"},\"inLanguage\":\"es\",\"potentialAction\":[{\"@type\":\"ReadAction\",\"target\":[\"https:\/\/webisis.es\/isis\/redes\/servicios\/conectividad\/\"]}]},{\"@type\":\"BreadcrumbList\",\"@id\":\"https:\/\/webisis.es\/isis\/redes\/servicios\/conectividad\/#breadcrumb\",\"itemListElement\":[{\"@type\":\"ListItem\",\"position\":1,\"name\":\"Portada\",\"item\":\"https:\/\/webisis.es\/isis\/\"},{\"@type\":\"ListItem\",\"position\":2,\"name\":\"Redes\",\"item\":\"https:\/\/webisis.es\/isis\/redes\/\"},{\"@type\":\"ListItem\",\"position\":3,\"name\":\"Servicios\",\"item\":\"https:\/\/webisis.es\/isis\/redes\/servicios\/\"},{\"@type\":\"ListItem\",\"position\":4,\"name\":\"Conectividad\"}]}]}<\/script>\n<!-- \/ Yoast SEO plugin. -->","yoast_head_json":{"title":"Conectividad - IsInform\u00e1tica","robots":{"index":"index","follow":"follow","max-snippet":"max-snippet:-1","max-image-preview":"max-image-preview:large","max-video-preview":"max-video-preview:-1"},"canonical":"https:\/\/webisis.es\/isis\/redes\/servicios\/conectividad\/","og_locale":"es_ES","og_type":"article","og_title":"Conectividad - IsInform\u00e1tica","og_description":"Conectividad Sistema de Cableado Estructurado Cat. 7 Sistema de Cableado Estructurado Cat. 6A Sistema de Cableado Estructurado Cat. 6 Sistema de Cableado Estructurado Cat. 5e Herramientas de Cableado Estructurado Productos Modulares Multimedia Cableado Estructurado El\u00e9ctrico Cajas Modulares Electr\u00f3nica de Red I.C.T. [Infraestructura Com\u00fan de Telecomunicaciones]","og_url":"https:\/\/webisis.es\/isis\/redes\/servicios\/conectividad\/","og_site_name":"IsInform\u00e1tica","article_modified_time":"2020-10-27T09:24:32+00:00","og_image":[{"url":"http:\/\/webisis.es\/isis\/wp-content\/uploads\/2020\/10\/pexels-brett-sayles-2881232-1024x681.jpg"}],"twitter_card":"summary_large_image","schema":{"@context":"https:\/\/schema.org","@graph":[{"@type":"WebSite","@id":"https:\/\/webisis.es\/isis\/#website","url":"https:\/\/webisis.es\/isis\/","name":"IsInform\u00e1tica","description":"Agencia de Marketing Digital","potentialAction":[{"@type":"SearchAction","target":{"@type":"EntryPoint","urlTemplate":"https:\/\/webisis.es\/isis\/?s={search_term_string}"},"query-input":"required name=search_term_string"}],"inLanguage":"es"},{"@type":"ImageObject","@id":"https:\/\/webisis.es\/isis\/redes\/servicios\/conectividad\/#primaryimage","inLanguage":"es","url":"http:\/\/webisis.es\/isis\/wp-content\/uploads\/2020\/10\/pexels-brett-sayles-2881232-1024x681.jpg","contentUrl":"http:\/\/webisis.es\/isis\/wp-content\/uploads\/2020\/10\/pexels-brett-sayles-2881232-1024x681.jpg"},{"@type":"WebPage","@id":"https:\/\/webisis.es\/isis\/redes\/servicios\/conectividad\/#webpage","url":"https:\/\/webisis.es\/isis\/redes\/servicios\/conectividad\/","name":"Conectividad - IsInform\u00e1tica","isPartOf":{"@id":"https:\/\/webisis.es\/isis\/#website"},"primaryImageOfPage":{"@id":"https:\/\/webisis.es\/isis\/redes\/servicios\/conectividad\/#primaryimage"},"datePublished":"2020-10-19T09:33:08+00:00","dateModified":"2020-10-27T09:24:32+00:00","breadcrumb":{"@id":"https:\/\/webisis.es\/isis\/redes\/servicios\/conectividad\/#breadcrumb"},"inLanguage":"es","potentialAction":[{"@type":"ReadAction","target":["https:\/\/webisis.es\/isis\/redes\/servicios\/conectividad\/"]}]},{"@type":"BreadcrumbList","@id":"https:\/\/webisis.es\/isis\/redes\/servicios\/conectividad\/#breadcrumb","itemListElement":[{"@type":"ListItem","position":1,"name":"Portada","item":"https:\/\/webisis.es\/isis\/"},{"@type":"ListItem","position":2,"name":"Redes","item":"https:\/\/webisis.es\/isis\/redes\/"},{"@type":"ListItem","position":3,"name":"Servicios","item":"https:\/\/webisis.es\/isis\/redes\/servicios\/"},{"@type":"ListItem","position":4,"name":"Conectividad"}]}]}},"_links":{"self":[{"href":"https:\/\/webisis.es\/isis\/wp-json\/wp\/v2\/pages\/1101"}],"collection":[{"href":"https:\/\/webisis.es\/isis\/wp-json\/wp\/v2\/pages"}],"about":[{"href":"https:\/\/webisis.es\/isis\/wp-json\/wp\/v2\/types\/page"}],"author":[{"embeddable":true,"href":"https:\/\/webisis.es\/isis\/wp-json\/wp\/v2\/users\/1"}],"replies":[{"embeddable":true,"href":"https:\/\/webisis.es\/isis\/wp-json\/wp\/v2\/comments?post=1101"}],"version-history":[{"count":0,"href":"https:\/\/webisis.es\/isis\/wp-json\/wp\/v2\/pages\/1101\/revisions"}],"up":[{"embeddable":true,"href":"https:\/\/webisis.es\/isis\/wp-json\/wp\/v2\/pages\/986"}],"wp:attachment":[{"href":"https:\/\/webisis.es\/isis\/wp-json\/wp\/v2\/media?parent=1101"}],"curies":[{"name":"wp","href":"https:\/\/api.w.org\/{rel}","templated":true}]}}