{"id":1051,"date":"2020-10-19T09:39:39","date_gmt":"2020-10-19T08:39:39","guid":{"rendered":"http:\/\/webisis.es\/isis\/?page_id=1051"},"modified":"2020-10-27T10:21:43","modified_gmt":"2020-10-27T09:21:43","slug":"proyectos","status":"publish","type":"page","link":"https:\/\/webisis.es\/isis\/redes\/proyectos\/","title":{"rendered":"Proyectos"},"content":{"rendered":"\t\t<div data-elementor-type=\"wp-page\" data-elementor-id=\"1051\" class=\"elementor elementor-1051\" data-elementor-settings=\"[]\">\n\t\t\t\t\t\t<div class=\"elementor-inner\">\n\t\t\t\t\t\t\t<div class=\"elementor-section-wrap\">\n\t\t\t\t\t\t\t<section class=\"elementor-section elementor-top-section elementor-element elementor-element-3d72ffa4 elementor-section-height-min-height elementor-section-full_width elementor-section-height-default elementor-section-items-middle\" data-id=\"3d72ffa4\" data-element_type=\"section\" data-settings=\"{&quot;background_background&quot;:&quot;gradient&quot;,&quot;shape_divider_bottom&quot;:&quot;waves&quot;}\">\n\t\t\t\t\t\t\t<div class=\"elementor-background-overlay\"><\/div>\n\t\t\t\t\t\t<div class=\"elementor-shape elementor-shape-bottom\" data-negative=\"false\">\n\t\t\t<svg xmlns=\"http:\/\/www.w3.org\/2000\/svg\" viewBox=\"0 0 1000 100\" preserveAspectRatio=\"none\">\n\t<path class=\"elementor-shape-fill\" d=\"M421.9,6.5c22.6-2.5,51.5,0.4,75.5,5.3c23.6,4.9,70.9,23.5,100.5,35.7c75.8,32.2,133.7,44.5,192.6,49.7\n\tc23.6,2.1,48.7,3.5,103.4-2.5c54.7-6,106.2-25.6,106.2-25.6V0H0v30.3c0,0,72,32.6,158.4,30.5c39.2-0.7,92.8-6.7,134-22.4\n\tc21.2-8.1,52.2-18.2,79.7-24.2C399.3,7.9,411.6,7.5,421.9,6.5z\"\/>\n<\/svg>\t\t<\/div>\n\t\t\t\t\t<div class=\"elementor-container elementor-column-gap-default\">\n\t\t\t\t\t\t\t<div class=\"elementor-row\">\n\t\t\t\t\t<div class=\"elementor-column elementor-col-100 elementor-top-column elementor-element elementor-element-73f2194e\" data-id=\"73f2194e\" data-element_type=\"column\">\n\t\t\t<div class=\"elementor-column-wrap elementor-element-populated\">\n\t\t\t\t\t\t\t<div class=\"elementor-widget-wrap\">\n\t\t\t\t\t\t<div class=\"elementor-element elementor-element-b29ce21 elementor-widget elementor-widget-heading\" data-id=\"b29ce21\" data-element_type=\"widget\" data-widget_type=\"heading.default\">\n\t\t\t\t<div class=\"elementor-widget-container\">\n\t\t\t<h1 class=\"elementor-heading-title elementor-size-default\">Proyectos<\/h1>\t\t<\/div>\n\t\t\t\t<\/div>\n\t\t\t\t<div class=\"elementor-element elementor-element-49f44f2 elementor-widget__width-initial elementor-fixed elementor-widget elementor-widget-button\" data-id=\"49f44f2\" data-element_type=\"widget\" data-settings=\"{&quot;_position&quot;:&quot;fixed&quot;}\" data-widget_type=\"button.default\">\n\t\t\t\t<div class=\"elementor-widget-container\">\n\t\t\t\t\t<div class=\"elementor-button-wrapper\">\n\t\t\t<a href=\"http:\/\/webisis.es\/isis\/contacto\/\" class=\"elementor-button-link elementor-button elementor-size-md\" role=\"button\">\n\t\t\t\t\t\t<span class=\"elementor-button-content-wrapper\">\n\t\t\t\t\t\t<span class=\"elementor-button-icon elementor-align-icon-right\">\n\t\t\t\t<i aria-hidden=\"true\" class=\"fas fa-envelope\"><\/i>\t\t\t<\/span>\n\t\t\t\t\t\t<span class=\"elementor-button-text\"><\/span>\n\t\t<\/span>\n\t\t\t\t\t<\/a>\n\t\t<\/div>\n\t\t\t\t<\/div>\n\t\t\t\t<\/div>\n\t\t\t\t<div class=\"elementor-element elementor-element-e7b78ee elementor-widget elementor-widget-heading\" data-id=\"e7b78ee\" data-element_type=\"widget\" data-widget_type=\"heading.default\">\n\t\t\t\t<div class=\"elementor-widget-container\">\n\t\t\t<h3 class=\"elementor-heading-title elementor-size-default\">Servicio de calidad contrastada, tanto en asistencia presencial como remota.<\/h3>\t\t<\/div>\n\t\t\t\t<\/div>\n\t\t\t\t\t\t<\/div>\n\t\t\t\t\t<\/div>\n\t\t<\/div>\n\t\t\t\t\t\t\t\t<\/div>\n\t\t\t\t\t<\/div>\n\t\t<\/section>\n\t\t\t\t<section class=\"elementor-section elementor-top-section elementor-element elementor-element-550f2a5 elementor-section-boxed elementor-section-height-default elementor-section-height-default\" data-id=\"550f2a5\" data-element_type=\"section\">\n\t\t\t\t\t\t<div class=\"elementor-container elementor-column-gap-default\">\n\t\t\t\t\t\t\t<div class=\"elementor-row\">\n\t\t\t\t\t<div class=\"elementor-column elementor-col-100 elementor-top-column elementor-element elementor-element-dfaf1d9\" data-id=\"dfaf1d9\" data-element_type=\"column\">\n\t\t\t<div class=\"elementor-column-wrap elementor-element-populated\">\n\t\t\t\t\t\t\t<div class=\"elementor-widget-wrap\">\n\t\t\t\t\t\t<div class=\"elementor-element elementor-element-1aeba92 elementor-widget elementor-widget-image-carousel\" data-id=\"1aeba92\" data-element_type=\"widget\" data-settings=\"{&quot;slides_to_show&quot;:&quot;5&quot;,&quot;slides_to_show_tablet&quot;:&quot;1&quot;,&quot;slides_to_scroll&quot;:&quot;1&quot;,&quot;navigation&quot;:&quot;none&quot;,&quot;pause_on_hover&quot;:&quot;no&quot;,&quot;autoplay_speed&quot;:2300,&quot;image_spacing_custom&quot;:{&quot;unit&quot;:&quot;px&quot;,&quot;size&quot;:75,&quot;sizes&quot;:[]},&quot;autoplay&quot;:&quot;yes&quot;,&quot;pause_on_interaction&quot;:&quot;yes&quot;,&quot;infinite&quot;:&quot;yes&quot;,&quot;speed&quot;:500}\" data-widget_type=\"image-carousel.default\">\n\t\t\t\t<div class=\"elementor-widget-container\">\n\t\t\t\t\t<div class=\"elementor-image-carousel-wrapper swiper-container\" dir=\"ltr\">\n\t\t\t<div class=\"elementor-image-carousel swiper-wrapper\">\n\t\t\t\t\t\t\t\t<div class=\"swiper-slide\"><figure class=\"swiper-slide-inner\"><img class=\"swiper-slide-image\" src=\"https:\/\/webisis.es\/isis\/wp-content\/uploads\/2020\/10\/logo-decathlon.jpg\" alt=\"logo-decathlon\" \/><\/figure><\/div><div class=\"swiper-slide\"><figure class=\"swiper-slide-inner\"><img class=\"swiper-slide-image\" src=\"https:\/\/webisis.es\/isis\/wp-content\/uploads\/2020\/10\/logotipo_-camara.jpg\" alt=\"logotipo_-camara\" \/><\/figure><\/div><div class=\"swiper-slide\"><figure class=\"swiper-slide-inner\"><img class=\"swiper-slide-image\" src=\"https:\/\/webisis.es\/isis\/wp-content\/uploads\/2020\/10\/unnamed.png\" alt=\"unnamed\" \/><\/figure><\/div><div class=\"swiper-slide\"><figure class=\"swiper-slide-inner\"><img class=\"swiper-slide-image\" src=\"https:\/\/webisis.es\/isis\/wp-content\/uploads\/2020\/10\/Santander_Argentina_Logo.png\" alt=\"Santander_Argentina_Logo\" \/><\/figure><\/div><div class=\"swiper-slide\"><figure class=\"swiper-slide-inner\"><img class=\"swiper-slide-image\" src=\"https:\/\/webisis.es\/isis\/wp-content\/uploads\/2020\/10\/logo-Ayto-Alcala-de-Henares.jpg\" alt=\"logo-Ayto-Alcala-de-Henares\" \/><\/figure><\/div><div class=\"swiper-slide\"><figure class=\"swiper-slide-inner\"><img class=\"swiper-slide-image\" src=\"https:\/\/webisis.es\/isis\/wp-content\/uploads\/2020\/10\/Logo-UCLM.jpg\" alt=\"Logo-UCLM\" \/><\/figure><\/div><div class=\"swiper-slide\"><figure class=\"swiper-slide-inner\"><img class=\"swiper-slide-image\" src=\"https:\/\/webisis.es\/isis\/wp-content\/uploads\/2020\/10\/unnamed.jpg\" alt=\"unnamed\" \/><\/figure><\/div><div class=\"swiper-slide\"><figure class=\"swiper-slide-inner\"><img class=\"swiper-slide-image\" src=\"https:\/\/webisis.es\/isis\/wp-content\/uploads\/2020\/10\/474px-Orange_logo.svg.png\" alt=\"474px-Orange_logo.svg\" \/><\/figure><\/div>\t\t\t<\/div>\n\t\t\t\t\t\t\t\t\t\t\t\t\t\t\t\t<\/div>\n\t\t\t\t<\/div>\n\t\t\t\t<\/div>\n\t\t\t\t\t\t<\/div>\n\t\t\t\t\t<\/div>\n\t\t<\/div>\n\t\t\t\t\t\t\t\t<\/div>\n\t\t\t\t\t<\/div>\n\t\t<\/section>\n\t\t\t\t<section class=\"elementor-section elementor-top-section elementor-element elementor-element-6e95a6a elementor-section-boxed elementor-section-height-default elementor-section-height-default\" data-id=\"6e95a6a\" data-element_type=\"section\">\n\t\t\t\t\t\t<div class=\"elementor-container elementor-column-gap-default\">\n\t\t\t\t\t\t\t<div class=\"elementor-row\">\n\t\t\t\t\t<div class=\"elementor-column elementor-col-100 elementor-top-column elementor-element elementor-element-17b69a3\" data-id=\"17b69a3\" data-element_type=\"column\">\n\t\t\t<div class=\"elementor-column-wrap elementor-element-populated\">\n\t\t\t\t\t\t\t<div class=\"elementor-widget-wrap\">\n\t\t\t\t\t\t<div class=\"elementor-element elementor-element-e7b68d3 elementor-widget elementor-widget-heading\" data-id=\"e7b68d3\" data-element_type=\"widget\" data-widget_type=\"heading.default\">\n\t\t\t\t<div class=\"elementor-widget-container\">\n\t\t\t<h2 class=\"elementor-heading-title elementor-size-default\">Nuestra clave del \u00e9xito son nuestros Partners<\/h2>\t\t<\/div>\n\t\t\t\t<\/div>\n\t\t\t\t\t\t<\/div>\n\t\t\t\t\t<\/div>\n\t\t<\/div>\n\t\t\t\t\t\t\t\t<\/div>\n\t\t\t\t\t<\/div>\n\t\t<\/section>\n\t\t\t\t<section class=\"elementor-section elementor-top-section elementor-element elementor-element-43ef196 elementor-section-full_width elementor-section-height-default elementor-section-height-default\" data-id=\"43ef196\" data-element_type=\"section\">\n\t\t\t\t\t\t<div class=\"elementor-container elementor-column-gap-default\">\n\t\t\t\t\t\t\t<div class=\"elementor-row\">\n\t\t\t\t\t<div class=\"elementor-column elementor-col-33 elementor-top-column elementor-element elementor-element-138898f\" data-id=\"138898f\" data-element_type=\"column\">\n\t\t\t<div class=\"elementor-column-wrap elementor-element-populated\">\n\t\t\t\t\t\t\t<div class=\"elementor-widget-wrap\">\n\t\t\t\t\t\t<div class=\"elementor-element elementor-element-03d7181 elementor-widget elementor-widget-text-editor\" data-id=\"03d7181\" data-element_type=\"widget\" data-widget_type=\"text-editor.default\">\n\t\t\t\t<div class=\"elementor-widget-container\">\n\t\t\t\t\t\t\t\t<div class=\"elementor-text-editor elementor-clearfix\">\n\t\t\t\t<p><a href=\"https:\/\/ceat.es\" target=\"_blank\" rel=\"noopener\">CENTRO DE ESTUDIOS CEAT <\/a>(TOMELLOSO, CIUDAD REAL)<\/p><p>CENTRO SOCIAL Y BIBLIOTECA DE CHOZAS CANALES (TOLEDO)<\/p><p>COLEGIO P\u00daBLICO DE ILLESCAS (TOLEDO)<\/p><p>COLEGIO P\u00daBLICO CATARROJA (VALENCIA)<\/p><p>INSTITUTO DE CUENCA<\/p><p>AMPLIACI\u00d3N UNIVERSIDAD CLM DE CIUDAD REAL<\/p><p>LIMPIEZAS OLMEDO (TOMELLOSO, CIUDAD REAL)<\/p><p>HOTEL PALOMA (TOMELLOSO, CIUDAD REAL)<\/p><p>UNICONTROL (TOMELLOSO, CIUDAD REAL)<\/p><p>COLEGIO DE EDUCACI\u00d3N ESPECIAL PONCE DE LE\u00d3N (TOMELLOSO, CIUDAD REAL)<\/p><p>ITV EL CARRILERO MAJADAHONDA (MADRID)<\/p><p>VIVERO MUNICIPAL DE MADRID (GUADARRAMA)<\/p><p>EDIFICIO DE MOVILIDAD DEL AYTO. DE MADRID<\/p><p>AYUNTAMIENTO DE MORA (TOLEDO) FIBRA \u00d3PTICA<\/p><p>EDAR DEPURADORA CIUDAD REAL, FIBRA \u00d3PTICA<\/p><p>EDAR DEPURADORA PUERTOLLANO, FIBRA \u00d3PTICA<\/p><p>EDAR DEPURADORA TOMELLOSO, FIBRA \u00d3PTICA<\/p>\t\t\t\t\t<\/div>\n\t\t\t\t\t\t<\/div>\n\t\t\t\t<\/div>\n\t\t\t\t\t\t<\/div>\n\t\t\t\t\t<\/div>\n\t\t<\/div>\n\t\t\t\t<div class=\"elementor-column elementor-col-33 elementor-top-column elementor-element elementor-element-0f183ab\" data-id=\"0f183ab\" data-element_type=\"column\">\n\t\t\t<div class=\"elementor-column-wrap elementor-element-populated\">\n\t\t\t\t\t\t\t<div class=\"elementor-widget-wrap\">\n\t\t\t\t\t\t<div class=\"elementor-element elementor-element-d137718 elementor-widget elementor-widget-text-editor\" data-id=\"d137718\" data-element_type=\"widget\" data-widget_type=\"text-editor.default\">\n\t\t\t\t<div class=\"elementor-widget-container\">\n\t\t\t\t\t\t\t\t<div class=\"elementor-text-editor elementor-clearfix\">\n\t\t\t\t<p>UNIVERSIDAD MICROBIOLOG\u00cdA CARLOS III (MAJADAHONDA)<\/p><p>C\u00c1MARA DE COMERCIO DE MADRID<\/p><p>COLEGIO P\u00daBLICO EL EJIDO (ALMER\u00cdA)<\/p><p>AYUNTAMIENTO DE ALCAL\u00c1 DE HENARES<\/p><p>COLEGIO P\u00daBLICO DE CARRANQUE (TOLEDO)<\/p><p>COLEGIO P\u00daBLICO DE CASASIMARRO (ALBACETE)<\/p><p>EDIFICIO PRINCIPAL VILLANUEVA DE LA TORRE (GUADALAJARA)<\/p><p>ENCOMIENDA CASA REAL DE STA. CRUZ DE MUDELA (CIUDAD REAL)<\/p><p>EXPO ZARAGOZA<\/p><p>COLEGIO P\u00daBLICO DE ILLESCAS (TOLEDO)<\/p><p>BODEGAS ALTIZIA (SOCU\u00c9LLAMOS, CIUDAD REAL)<\/p><p>COLEGIO P\u00daBLICO VILLAMARXANT (ALICANTE)<\/p><p>GRUPO HENARSA: AUTOPISTA RADIAL 2 (MADRID)<\/p><p>COLEGIO P\u00daBLICO LA NUCIA (ALICANTE)<\/p><p>ORANGE TELEFONIA (JAEN)<\/p><p>CASA REAL LA ZARZUELA \u2013 MADRID<\/p><p>ZONA CENTRO (SOCU\u00c9LLAMOS , CIUDAD REAL)<\/p><p>BANCO CENTRAL DELEGACI\u00d3N CASTILLA LA MANCHA (TOLEDO)<\/p>\t\t\t\t\t<\/div>\n\t\t\t\t\t\t<\/div>\n\t\t\t\t<\/div>\n\t\t\t\t\t\t<\/div>\n\t\t\t\t\t<\/div>\n\t\t<\/div>\n\t\t\t\t<div class=\"elementor-column elementor-col-33 elementor-top-column elementor-element elementor-element-673d28f\" data-id=\"673d28f\" data-element_type=\"column\">\n\t\t\t<div class=\"elementor-column-wrap elementor-element-populated\">\n\t\t\t\t\t\t\t<div class=\"elementor-widget-wrap\">\n\t\t\t\t\t\t<div class=\"elementor-element elementor-element-ecf8dde elementor-widget elementor-widget-text-editor\" data-id=\"ecf8dde\" data-element_type=\"widget\" data-widget_type=\"text-editor.default\">\n\t\t\t\t<div class=\"elementor-widget-container\">\n\t\t\t\t\t\t\t\t<div class=\"elementor-text-editor elementor-clearfix\">\n\t\t\t\t<p>ORANGE TELFON\u00cdA (VALENCIA)<\/p><p>COLEGIO P\u00daBLICO ARGANDA DEL REY (MADRID)<\/p><p>EDIFICIO EL SALER CENTRO COMERCIAL (VALENCIA)<\/p><p>CENTRO POLIVALENTE LA RODA (ALBACETE)<\/p><p>UNIVERSIDAD DE MICROBIOLOG\u00cdA CARLOS III AMPLIACI\u00d3N (MAJADAHONDA)<\/p><p>AMBULATORIO DE BETETA (CUENCA)<\/p><p>ORANGE TELEFON\u00cdA (ZARAGOZA)<\/p><p>COLEGIO P\u00daBLICO DE CAMARENA (TOLEDO)<\/p><p>AUDIOVISUAL KOODZA (ALMER\u00cdA)<\/p><p>BANCO SANTANDER DE VALECIA<\/p><p>HOSPITAL GENERAL DE ALCAL\u00c1 DE HENARES (MADRID)<\/p><p>HOSPITAL GENERAL DE GUADALAJARA<\/p><p>DECATHLON XANAD\u00da (MADRID)<\/p><p>ITV VILLARROBLEDO<\/p><p>GRUPO DE EMPRESAS J.GALLEGO<\/p>\t\t\t\t\t<\/div>\n\t\t\t\t\t\t<\/div>\n\t\t\t\t<\/div>\n\t\t\t\t\t\t<\/div>\n\t\t\t\t\t<\/div>\n\t\t<\/div>\n\t\t\t\t\t\t\t\t<\/div>\n\t\t\t\t\t<\/div>\n\t\t<\/section>\n\t\t\t\t\t\t<\/div>\n\t\t\t\t\t\t<\/div>\n\t\t\t\t\t<\/div>\n\t\t","protected":false},"excerpt":{"rendered":"<p>Proyectos Servicio de calidad contrastada, tanto en asistencia presencial como remota. Nuestra clave del \u00e9xito son nuestros Partners CENTRO DE ESTUDIOS CEAT (TOMELLOSO, CIUDAD REAL) CENTRO SOCIAL Y BIBLIOTECA DE CHOZAS CANALES (TOLEDO) COLEGIO P\u00daBLICO DE ILLESCAS (TOLEDO) COLEGIO P\u00daBLICO CATARROJA (VALENCIA) INSTITUTO DE CUENCA AMPLIACI\u00d3N UNIVERSIDAD CLM DE CIUDAD REAL LIMPIEZAS OLMEDO (TOMELLOSO, CIUDAD [&hellip;]<\/p>\n","protected":false},"author":1,"featured_media":0,"parent":962,"menu_order":0,"comment_status":"closed","ping_status":"closed","template":"elementor_header_footer","meta":[],"yoast_head":"<!-- This site is optimized with the Yoast SEO plugin v18.0 - https:\/\/yoast.com\/wordpress\/plugins\/seo\/ -->\n<title>Proyectos - IsInform\u00e1tica<\/title>\n<meta name=\"robots\" content=\"index, follow, max-snippet:-1, max-image-preview:large, max-video-preview:-1\" \/>\n<link rel=\"canonical\" href=\"https:\/\/webisis.es\/isis\/redes\/proyectos\/\" \/>\n<meta property=\"og:locale\" content=\"es_ES\" \/>\n<meta property=\"og:type\" content=\"article\" \/>\n<meta property=\"og:title\" content=\"Proyectos - IsInform\u00e1tica\" \/>\n<meta property=\"og:description\" content=\"Proyectos Servicio de calidad contrastada, tanto en asistencia presencial como remota. Nuestra clave del \u00e9xito son nuestros Partners CENTRO DE ESTUDIOS CEAT (TOMELLOSO, CIUDAD REAL) CENTRO SOCIAL Y BIBLIOTECA DE CHOZAS CANALES (TOLEDO) COLEGIO P\u00daBLICO DE ILLESCAS (TOLEDO) COLEGIO P\u00daBLICO CATARROJA (VALENCIA) INSTITUTO DE CUENCA AMPLIACI\u00d3N UNIVERSIDAD CLM DE CIUDAD REAL LIMPIEZAS OLMEDO (TOMELLOSO, CIUDAD [&hellip;]\" \/>\n<meta property=\"og:url\" content=\"https:\/\/webisis.es\/isis\/redes\/proyectos\/\" \/>\n<meta property=\"og:site_name\" content=\"IsInform\u00e1tica\" \/>\n<meta property=\"article:modified_time\" content=\"2020-10-27T09:21:43+00:00\" \/>\n<meta property=\"og:image\" content=\"http:\/\/webisis.es\/isis\/wp-content\/uploads\/elementor\/thumbs\/logo-decathlon-ox8oavnuxz2it6xl751m839kxus85j8t9i7g357a4g.jpg\" \/>\n<meta name=\"twitter:card\" content=\"summary_large_image\" \/>\n<meta name=\"twitter:label1\" content=\"Tiempo de lectura\" \/>\n\t<meta name=\"twitter:data1\" content=\"1 minuto\" \/>\n<script type=\"application\/ld+json\" class=\"yoast-schema-graph\">{\"@context\":\"https:\/\/schema.org\",\"@graph\":[{\"@type\":\"WebSite\",\"@id\":\"https:\/\/webisis.es\/isis\/#website\",\"url\":\"https:\/\/webisis.es\/isis\/\",\"name\":\"IsInform\u00e1tica\",\"description\":\"Agencia de Marketing Digital\",\"potentialAction\":[{\"@type\":\"SearchAction\",\"target\":{\"@type\":\"EntryPoint\",\"urlTemplate\":\"https:\/\/webisis.es\/isis\/?s={search_term_string}\"},\"query-input\":\"required name=search_term_string\"}],\"inLanguage\":\"es\"},{\"@type\":\"ImageObject\",\"@id\":\"https:\/\/webisis.es\/isis\/redes\/proyectos\/#primaryimage\",\"inLanguage\":\"es\",\"url\":\"http:\/\/webisis.es\/isis\/wp-content\/uploads\/elementor\/thumbs\/logo-decathlon-ox8oavnuxz2it6xl751m839kxus85j8t9i7g357a4g.jpg\",\"contentUrl\":\"http:\/\/webisis.es\/isis\/wp-content\/uploads\/elementor\/thumbs\/logo-decathlon-ox8oavnuxz2it6xl751m839kxus85j8t9i7g357a4g.jpg\"},{\"@type\":\"WebPage\",\"@id\":\"https:\/\/webisis.es\/isis\/redes\/proyectos\/#webpage\",\"url\":\"https:\/\/webisis.es\/isis\/redes\/proyectos\/\",\"name\":\"Proyectos - IsInform\u00e1tica\",\"isPartOf\":{\"@id\":\"https:\/\/webisis.es\/isis\/#website\"},\"primaryImageOfPage\":{\"@id\":\"https:\/\/webisis.es\/isis\/redes\/proyectos\/#primaryimage\"},\"datePublished\":\"2020-10-19T08:39:39+00:00\",\"dateModified\":\"2020-10-27T09:21:43+00:00\",\"breadcrumb\":{\"@id\":\"https:\/\/webisis.es\/isis\/redes\/proyectos\/#breadcrumb\"},\"inLanguage\":\"es\",\"potentialAction\":[{\"@type\":\"ReadAction\",\"target\":[\"https:\/\/webisis.es\/isis\/redes\/proyectos\/\"]}]},{\"@type\":\"BreadcrumbList\",\"@id\":\"https:\/\/webisis.es\/isis\/redes\/proyectos\/#breadcrumb\",\"itemListElement\":[{\"@type\":\"ListItem\",\"position\":1,\"name\":\"Portada\",\"item\":\"https:\/\/webisis.es\/isis\/\"},{\"@type\":\"ListItem\",\"position\":2,\"name\":\"Redes\",\"item\":\"https:\/\/webisis.es\/isis\/redes\/\"},{\"@type\":\"ListItem\",\"position\":3,\"name\":\"Proyectos\"}]}]}<\/script>\n<!-- \/ Yoast SEO plugin. -->","yoast_head_json":{"title":"Proyectos - IsInform\u00e1tica","robots":{"index":"index","follow":"follow","max-snippet":"max-snippet:-1","max-image-preview":"max-image-preview:large","max-video-preview":"max-video-preview:-1"},"canonical":"https:\/\/webisis.es\/isis\/redes\/proyectos\/","og_locale":"es_ES","og_type":"article","og_title":"Proyectos - IsInform\u00e1tica","og_description":"Proyectos Servicio de calidad contrastada, tanto en asistencia presencial como remota. Nuestra clave del \u00e9xito son nuestros Partners CENTRO DE ESTUDIOS CEAT (TOMELLOSO, CIUDAD REAL) CENTRO SOCIAL Y BIBLIOTECA DE CHOZAS CANALES (TOLEDO) COLEGIO P\u00daBLICO DE ILLESCAS (TOLEDO) COLEGIO P\u00daBLICO CATARROJA (VALENCIA) INSTITUTO DE CUENCA AMPLIACI\u00d3N UNIVERSIDAD CLM DE CIUDAD REAL LIMPIEZAS OLMEDO (TOMELLOSO, CIUDAD [&hellip;]","og_url":"https:\/\/webisis.es\/isis\/redes\/proyectos\/","og_site_name":"IsInform\u00e1tica","article_modified_time":"2020-10-27T09:21:43+00:00","og_image":[{"url":"http:\/\/webisis.es\/isis\/wp-content\/uploads\/elementor\/thumbs\/logo-decathlon-ox8oavnuxz2it6xl751m839kxus85j8t9i7g357a4g.jpg"}],"twitter_card":"summary_large_image","twitter_misc":{"Tiempo de lectura":"1 minuto"},"schema":{"@context":"https:\/\/schema.org","@graph":[{"@type":"WebSite","@id":"https:\/\/webisis.es\/isis\/#website","url":"https:\/\/webisis.es\/isis\/","name":"IsInform\u00e1tica","description":"Agencia de Marketing Digital","potentialAction":[{"@type":"SearchAction","target":{"@type":"EntryPoint","urlTemplate":"https:\/\/webisis.es\/isis\/?s={search_term_string}"},"query-input":"required name=search_term_string"}],"inLanguage":"es"},{"@type":"ImageObject","@id":"https:\/\/webisis.es\/isis\/redes\/proyectos\/#primaryimage","inLanguage":"es","url":"http:\/\/webisis.es\/isis\/wp-content\/uploads\/elementor\/thumbs\/logo-decathlon-ox8oavnuxz2it6xl751m839kxus85j8t9i7g357a4g.jpg","contentUrl":"http:\/\/webisis.es\/isis\/wp-content\/uploads\/elementor\/thumbs\/logo-decathlon-ox8oavnuxz2it6xl751m839kxus85j8t9i7g357a4g.jpg"},{"@type":"WebPage","@id":"https:\/\/webisis.es\/isis\/redes\/proyectos\/#webpage","url":"https:\/\/webisis.es\/isis\/redes\/proyectos\/","name":"Proyectos - IsInform\u00e1tica","isPartOf":{"@id":"https:\/\/webisis.es\/isis\/#website"},"primaryImageOfPage":{"@id":"https:\/\/webisis.es\/isis\/redes\/proyectos\/#primaryimage"},"datePublished":"2020-10-19T08:39:39+00:00","dateModified":"2020-10-27T09:21:43+00:00","breadcrumb":{"@id":"https:\/\/webisis.es\/isis\/redes\/proyectos\/#breadcrumb"},"inLanguage":"es","potentialAction":[{"@type":"ReadAction","target":["https:\/\/webisis.es\/isis\/redes\/proyectos\/"]}]},{"@type":"BreadcrumbList","@id":"https:\/\/webisis.es\/isis\/redes\/proyectos\/#breadcrumb","itemListElement":[{"@type":"ListItem","position":1,"name":"Portada","item":"https:\/\/webisis.es\/isis\/"},{"@type":"ListItem","position":2,"name":"Redes","item":"https:\/\/webisis.es\/isis\/redes\/"},{"@type":"ListItem","position":3,"name":"Proyectos"}]}]}},"_links":{"self":[{"href":"https:\/\/webisis.es\/isis\/wp-json\/wp\/v2\/pages\/1051"}],"collection":[{"href":"https:\/\/webisis.es\/isis\/wp-json\/wp\/v2\/pages"}],"about":[{"href":"https:\/\/webisis.es\/isis\/wp-json\/wp\/v2\/types\/page"}],"author":[{"embeddable":true,"href":"https:\/\/webisis.es\/isis\/wp-json\/wp\/v2\/users\/1"}],"replies":[{"embeddable":true,"href":"https:\/\/webisis.es\/isis\/wp-json\/wp\/v2\/comments?post=1051"}],"version-history":[{"count":0,"href":"https:\/\/webisis.es\/isis\/wp-json\/wp\/v2\/pages\/1051\/revisions"}],"up":[{"embeddable":true,"href":"https:\/\/webisis.es\/isis\/wp-json\/wp\/v2\/pages\/962"}],"wp:attachment":[{"href":"https:\/\/webisis.es\/isis\/wp-json\/wp\/v2\/media?parent=1051"}],"curies":[{"name":"wp","href":"https:\/\/api.w.org\/{rel}","templated":true}]}}