{"id":261,"date":"2020-10-09T11:36:40","date_gmt":"2020-10-09T10:36:40","guid":{"rendered":"http:\/\/webisis.es\/isis\/?page_id=261"},"modified":"2020-10-29T13:03:25","modified_gmt":"2020-10-29T12:03:25","slug":"nosotros","status":"publish","type":"page","link":"http:\/\/webisis.es\/isis\/nosotros\/","title":{"rendered":"Nosotros"},"content":{"rendered":"\t\t<div data-elementor-type=\"wp-page\" data-elementor-id=\"261\" class=\"elementor elementor-261\" data-elementor-settings=\"[]\">\n\t\t\t\t\t\t<div class=\"elementor-inner\">\n\t\t\t\t\t\t\t<div class=\"elementor-section-wrap\">\n\t\t\t\t\t\t\t<section class=\"elementor-section elementor-top-section elementor-element elementor-element-23d97c32 elementor-section-height-min-height elementor-section-boxed elementor-section-height-default elementor-section-items-middle\" data-id=\"23d97c32\" data-element_type=\"section\" data-settings=\"{&quot;background_background&quot;:&quot;gradient&quot;,&quot;shape_divider_bottom&quot;:&quot;waves&quot;}\">\n\t\t\t\t\t\t\t<div class=\"elementor-background-overlay\"><\/div>\n\t\t\t\t\t\t<div class=\"elementor-shape elementor-shape-bottom\" data-negative=\"false\">\n\t\t\t<svg xmlns=\"http:\/\/www.w3.org\/2000\/svg\" viewBox=\"0 0 1000 100\" preserveAspectRatio=\"none\">\n\t<path class=\"elementor-shape-fill\" d=\"M421.9,6.5c22.6-2.5,51.5,0.4,75.5,5.3c23.6,4.9,70.9,23.5,100.5,35.7c75.8,32.2,133.7,44.5,192.6,49.7\n\tc23.6,2.1,48.7,3.5,103.4-2.5c54.7-6,106.2-25.6,106.2-25.6V0H0v30.3c0,0,72,32.6,158.4,30.5c39.2-0.7,92.8-6.7,134-22.4\n\tc21.2-8.1,52.2-18.2,79.7-24.2C399.3,7.9,411.6,7.5,421.9,6.5z\"\/>\n<\/svg>\t\t<\/div>\n\t\t\t\t\t<div class=\"elementor-container elementor-column-gap-default\">\n\t\t\t\t\t\t\t<div class=\"elementor-row\">\n\t\t\t\t\t<div class=\"elementor-column elementor-col-100 elementor-top-column elementor-element elementor-element-48534dc9\" data-id=\"48534dc9\" data-element_type=\"column\">\n\t\t\t<div class=\"elementor-column-wrap elementor-element-populated\">\n\t\t\t\t\t\t\t<div class=\"elementor-widget-wrap\">\n\t\t\t\t\t\t<div class=\"elementor-element elementor-element-1e74919c elementor-widget elementor-widget-heading\" data-id=\"1e74919c\" data-element_type=\"widget\" data-widget_type=\"heading.default\">\n\t\t\t\t<div class=\"elementor-widget-container\">\n\t\t\t<h1 class=\"elementor-heading-title elementor-size-default\">Nosotros<\/h1>\t\t<\/div>\n\t\t\t\t<\/div>\n\t\t\t\t<div class=\"elementor-element elementor-element-7590f00f elementor-widget elementor-widget-heading\" data-id=\"7590f00f\" data-element_type=\"widget\" data-widget_type=\"heading.default\">\n\t\t\t\t<div class=\"elementor-widget-container\">\n\t\t\t<h3 class=\"elementor-heading-title elementor-size-default\">Conoce quienes somos y qu\u00e9 hacemos<\/h3>\t\t<\/div>\n\t\t\t\t<\/div>\n\t\t\t\t<div class=\"elementor-element elementor-element-7df5c278 elementor-widget__width-initial elementor-fixed elementor-widget elementor-widget-button\" data-id=\"7df5c278\" data-element_type=\"widget\" data-settings=\"{&quot;_position&quot;:&quot;fixed&quot;}\" data-widget_type=\"button.default\">\n\t\t\t\t<div class=\"elementor-widget-container\">\n\t\t\t\t\t<div class=\"elementor-button-wrapper\">\n\t\t\t<a href=\"http:\/\/webisis.es\/isis\/contacto\/\" class=\"elementor-button-link elementor-button elementor-size-md\" role=\"button\">\n\t\t\t\t\t\t<span class=\"elementor-button-content-wrapper\">\n\t\t\t\t\t\t<span class=\"elementor-button-icon elementor-align-icon-right\">\n\t\t\t\t<i aria-hidden=\"true\" class=\"fas fa-envelope\"><\/i>\t\t\t<\/span>\n\t\t\t\t\t\t<span class=\"elementor-button-text\"><\/span>\n\t\t<\/span>\n\t\t\t\t\t<\/a>\n\t\t<\/div>\n\t\t\t\t<\/div>\n\t\t\t\t<\/div>\n\t\t\t\t\t\t<\/div>\n\t\t\t\t\t<\/div>\n\t\t<\/div>\n\t\t\t\t\t\t\t\t<\/div>\n\t\t\t\t\t<\/div>\n\t\t<\/section>\n\t\t\t\t<section class=\"elementor-section elementor-top-section elementor-element elementor-element-b1e8eff elementor-section-boxed elementor-section-height-default elementor-section-height-default\" data-id=\"b1e8eff\" data-element_type=\"section\">\n\t\t\t\t\t\t<div class=\"elementor-container elementor-column-gap-default\">\n\t\t\t\t\t\t\t<div class=\"elementor-row\">\n\t\t\t\t\t<div class=\"elementor-column elementor-col-100 elementor-top-column elementor-element elementor-element-98d586c\" data-id=\"98d586c\" data-element_type=\"column\">\n\t\t\t<div class=\"elementor-column-wrap elementor-element-populated\">\n\t\t\t\t\t\t\t<div class=\"elementor-widget-wrap\">\n\t\t\t\t\t\t<div class=\"elementor-element elementor-element-e20e9f9 elementor-widget elementor-widget-spacer\" data-id=\"e20e9f9\" data-element_type=\"widget\" data-widget_type=\"spacer.default\">\n\t\t\t\t<div class=\"elementor-widget-container\">\n\t\t\t\t\t<div class=\"elementor-spacer\">\n\t\t\t<div class=\"elementor-spacer-inner\"><\/div>\n\t\t<\/div>\n\t\t\t\t<\/div>\n\t\t\t\t<\/div>\n\t\t\t\t\t\t<\/div>\n\t\t\t\t\t<\/div>\n\t\t<\/div>\n\t\t\t\t\t\t\t\t<\/div>\n\t\t\t\t\t<\/div>\n\t\t<\/section>\n\t\t\t\t<section class=\"elementor-section elementor-top-section elementor-element elementor-element-6291a98 elementor-section-full_width elementor-section-height-default elementor-section-height-default\" data-id=\"6291a98\" data-element_type=\"section\">\n\t\t\t\t\t\t<div class=\"elementor-container elementor-column-gap-default\">\n\t\t\t\t\t\t\t<div class=\"elementor-row\">\n\t\t\t\t\t<div class=\"elementor-column elementor-col-50 elementor-top-column elementor-element elementor-element-e3b9c22\" data-id=\"e3b9c22\" data-element_type=\"column\">\n\t\t\t<div class=\"elementor-column-wrap elementor-element-populated\">\n\t\t\t\t\t\t\t<div class=\"elementor-widget-wrap\">\n\t\t\t\t\t\t<div class=\"elementor-element elementor-element-bd6fe79 elementor-widget elementor-widget-text-editor\" data-id=\"bd6fe79\" data-element_type=\"widget\" data-widget_type=\"text-editor.default\">\n\t\t\t\t<div class=\"elementor-widget-container\">\n\t\t\t\t\t\t\t\t<div class=\"elementor-text-editor elementor-clearfix\">\n\t\t\t\t<div id=\"panel-3776-1-0-0\" class=\"so-panel widget widget_sow-headline panel-first-child\" data-index=\"1\"><div class=\"so-widget-sow-headline so-widget-sow-headline-default-a9a5fd7be974\"><div class=\"sow-headline-container \"><p class=\"sow-sub-headline\">Bienvenido a Ingenieros de Sistemas Inform\u00e1ticos, somos la agencia de marketing online que estabas buscando para dar el empuj\u00f3n definitivo a tu negocio. Adem\u00e1s ofrecemos tambi\u00e9n servicios de red para empresas y clientes mayoristas.<\/p><\/div><\/div><\/div><div id=\"panel-3776-1-0-1\" class=\"so-panel widget widget_sow-headline panel-last-child\" data-index=\"2\"><div class=\"so-widget-sow-headline so-widget-sow-headline-default-a9a5fd7be974\"><div class=\"sow-headline-container \"><p class=\"sow-sub-headline\">Expertos en marketing online y publicidad, te ayudaremos a rentabilizar tu presencia en Internet y ayudarte a aumentar tu cartera de clientes.<\/p><\/div><\/div><\/div>\t\t\t\t\t<\/div>\n\t\t\t\t\t\t<\/div>\n\t\t\t\t<\/div>\n\t\t\t\t\t\t<\/div>\n\t\t\t\t\t<\/div>\n\t\t<\/div>\n\t\t\t\t<div class=\"elementor-column elementor-col-50 elementor-top-column elementor-element elementor-element-9288f42\" data-id=\"9288f42\" data-element_type=\"column\">\n\t\t\t<div class=\"elementor-column-wrap elementor-element-populated\">\n\t\t\t\t\t\t\t<div class=\"elementor-widget-wrap\">\n\t\t\t\t\t\t<div class=\"elementor-element elementor-element-cdd3737 elementor-widget elementor-widget-image\" data-id=\"cdd3737\" data-element_type=\"widget\" data-widget_type=\"image.default\">\n\t\t\t\t<div class=\"elementor-widget-container\">\n\t\t\t\t\t\t\t\t<div class=\"elementor-image\">\n\t\t\t\t\t\t\t\t\t\t\t\t<img width=\"800\" height=\"534\" src=\"http:\/\/webisis.es\/isis\/wp-content\/uploads\/2020\/10\/marvin-meyer-SYTO3xs06fU-unsplash-1024x683.jpg\" class=\"attachment-large size-large\" alt=\"\" loading=\"lazy\" srcset=\"http:\/\/webisis.es\/isis\/wp-content\/uploads\/2020\/10\/marvin-meyer-SYTO3xs06fU-unsplash-1024x683.jpg 1024w, http:\/\/webisis.es\/isis\/wp-content\/uploads\/2020\/10\/marvin-meyer-SYTO3xs06fU-unsplash-300x200.jpg 300w, http:\/\/webisis.es\/isis\/wp-content\/uploads\/2020\/10\/marvin-meyer-SYTO3xs06fU-unsplash-768x512.jpg 768w, http:\/\/webisis.es\/isis\/wp-content\/uploads\/2020\/10\/marvin-meyer-SYTO3xs06fU-unsplash-1536x1024.jpg 1536w, http:\/\/webisis.es\/isis\/wp-content\/uploads\/2020\/10\/marvin-meyer-SYTO3xs06fU-unsplash.jpg 1920w\" sizes=\"(max-width: 800px) 100vw, 800px\" \/>\t\t\t\t\t\t\t\t\t\t\t\t\t\t<\/div>\n\t\t\t\t\t\t<\/div>\n\t\t\t\t<\/div>\n\t\t\t\t\t\t<\/div>\n\t\t\t\t\t<\/div>\n\t\t<\/div>\n\t\t\t\t\t\t\t\t<\/div>\n\t\t\t\t\t<\/div>\n\t\t<\/section>\n\t\t\t\t<section class=\"elementor-section elementor-top-section elementor-element elementor-element-e7cf5ad elementor-section-full_width elementor-section-height-default elementor-section-height-default\" data-id=\"e7cf5ad\" data-element_type=\"section\" data-settings=\"{&quot;background_background&quot;:&quot;classic&quot;}\">\n\t\t\t\t\t\t\t<div class=\"elementor-background-overlay\"><\/div>\n\t\t\t\t\t\t\t<div class=\"elementor-container elementor-column-gap-default\">\n\t\t\t\t\t\t\t<div class=\"elementor-row\">\n\t\t\t\t\t<div class=\"elementor-column elementor-col-100 elementor-top-column elementor-element elementor-element-38384e3\" data-id=\"38384e3\" data-element_type=\"column\">\n\t\t\t<div class=\"elementor-column-wrap elementor-element-populated\">\n\t\t\t\t\t\t\t<div class=\"elementor-widget-wrap\">\n\t\t\t\t\t\t<section class=\"elementor-section elementor-inner-section elementor-element elementor-element-a781063 elementor-section-full_width elementor-section-height-default elementor-section-height-default\" data-id=\"a781063\" data-element_type=\"section\">\n\t\t\t\t\t\t<div class=\"elementor-container elementor-column-gap-default\">\n\t\t\t\t\t\t\t<div class=\"elementor-row\">\n\t\t\t\t\t<div class=\"elementor-column elementor-col-100 elementor-inner-column elementor-element elementor-element-91ddaf6\" data-id=\"91ddaf6\" data-element_type=\"column\">\n\t\t\t<div class=\"elementor-column-wrap elementor-element-populated\">\n\t\t\t\t\t\t\t<div class=\"elementor-widget-wrap\">\n\t\t\t\t\t\t<div class=\"elementor-element elementor-element-887a25a elementor-widget elementor-widget-text-editor\" data-id=\"887a25a\" data-element_type=\"widget\" data-widget_type=\"text-editor.default\">\n\t\t\t\t<div class=\"elementor-widget-container\">\n\t\t\t\t\t\t\t\t<div class=\"elementor-text-editor elementor-clearfix\">\n\t\t\t\t<h4>Tan s\u00f3lo tienes que darte una vuelta por nuestra web para descubrir todo lo que tenemos para ti. \u00a1Seguro que encontrar\u00e1s lo que est\u00e1s buscando! No queremos venderte nuestros servicios, lo que queremos es darte lo que necesitas para triunfar con tu negocio. Tu \u00e9xito tambi\u00e9n es nuestro \u00e9xito En Internet est\u00e1 la clave para que tu negocio triunfe es fundamental para ayudar al crecimiento de tu negocio, y es fundamental que tu negocio tenga hueco en \u00e9l.<\/h4>\t\t\t\t\t<\/div>\n\t\t\t\t\t\t<\/div>\n\t\t\t\t<\/div>\n\t\t\t\t\t\t<\/div>\n\t\t\t\t\t<\/div>\n\t\t<\/div>\n\t\t\t\t\t\t\t\t<\/div>\n\t\t\t\t\t<\/div>\n\t\t<\/section>\n\t\t\t\t\t\t<\/div>\n\t\t\t\t\t<\/div>\n\t\t<\/div>\n\t\t\t\t\t\t\t\t<\/div>\n\t\t\t\t\t<\/div>\n\t\t<\/section>\n\t\t\t\t<section class=\"elementor-section elementor-top-section elementor-element elementor-element-63cd3f1 elementor-section-full_width elementor-section-height-default elementor-section-height-default\" data-id=\"63cd3f1\" data-element_type=\"section\">\n\t\t\t\t\t\t<div class=\"elementor-container elementor-column-gap-default\">\n\t\t\t\t\t\t\t<div class=\"elementor-row\">\n\t\t\t\t\t<div class=\"elementor-column elementor-col-50 elementor-top-column elementor-element elementor-element-8095309\" data-id=\"8095309\" data-element_type=\"column\">\n\t\t\t<div class=\"elementor-column-wrap elementor-element-populated\">\n\t\t\t\t\t\t\t<div class=\"elementor-widget-wrap\">\n\t\t\t\t\t\t<div class=\"elementor-element elementor-element-a65f54f elementor-widget elementor-widget-image\" data-id=\"a65f54f\" data-element_type=\"widget\" data-widget_type=\"image.default\">\n\t\t\t\t<div class=\"elementor-widget-container\">\n\t\t\t\t\t\t\t\t<div class=\"elementor-image\">\n\t\t\t\t\t\t\t\t\t\t\t\t<img width=\"800\" height=\"533\" src=\"http:\/\/webisis.es\/isis\/wp-content\/uploads\/2020\/10\/pexels-brett-sayles-1624895-1-1024x682.jpg\" class=\"attachment-large size-large\" alt=\"\" loading=\"lazy\" srcset=\"http:\/\/webisis.es\/isis\/wp-content\/uploads\/2020\/10\/pexels-brett-sayles-1624895-1-1024x682.jpg 1024w, http:\/\/webisis.es\/isis\/wp-content\/uploads\/2020\/10\/pexels-brett-sayles-1624895-1-300x200.jpg 300w, http:\/\/webisis.es\/isis\/wp-content\/uploads\/2020\/10\/pexels-brett-sayles-1624895-1-768x512.jpg 768w, http:\/\/webisis.es\/isis\/wp-content\/uploads\/2020\/10\/pexels-brett-sayles-1624895-1.jpg 1280w\" sizes=\"(max-width: 800px) 100vw, 800px\" \/>\t\t\t\t\t\t\t\t\t\t\t\t\t\t<\/div>\n\t\t\t\t\t\t<\/div>\n\t\t\t\t<\/div>\n\t\t\t\t\t\t<\/div>\n\t\t\t\t\t<\/div>\n\t\t<\/div>\n\t\t\t\t<div class=\"elementor-column elementor-col-50 elementor-top-column elementor-element elementor-element-7f41dd3\" data-id=\"7f41dd3\" data-element_type=\"column\">\n\t\t\t<div class=\"elementor-column-wrap elementor-element-populated\">\n\t\t\t\t\t\t\t<div class=\"elementor-widget-wrap\">\n\t\t\t\t\t\t<div class=\"elementor-element elementor-element-17553df elementor-widget elementor-widget-text-editor\" data-id=\"17553df\" data-element_type=\"widget\" data-widget_type=\"text-editor.default\">\n\t\t\t\t<div class=\"elementor-widget-container\">\n\t\t\t\t\t\t\t\t<div class=\"elementor-text-editor elementor-clearfix\">\n\t\t\t\t<div id=\"panel-3776-1-0-0\" class=\"so-panel widget widget_sow-headline panel-first-child\" data-index=\"1\"><div class=\"so-widget-sow-headline so-widget-sow-headline-default-a9a5fd7be974\"><div class=\"sow-headline-container \"><p class=\"sow-sub-headline\">En el \u00e1mbito de redes facilitamos la transformaci\u00f3n digital de las empresas mediante nuestra red integrada en la nube dando servicios de soporte en escritorio remoto. Durante una d\u00e9cada hemos sido especialistas en servicios de red donde quiera que vayas, tu infraestructura alcanzar\u00e1 los niveles adecuados.<\/p><\/div><\/div><\/div>\t\t\t\t\t<\/div>\n\t\t\t\t\t\t<\/div>\n\t\t\t\t<\/div>\n\t\t\t\t\t\t<\/div>\n\t\t\t\t\t<\/div>\n\t\t<\/div>\n\t\t\t\t\t\t\t\t<\/div>\n\t\t\t\t\t<\/div>\n\t\t<\/section>\n\t\t\t\t\t\t<\/div>\n\t\t\t\t\t\t<\/div>\n\t\t\t\t\t<\/div>\n\t\t","protected":false},"excerpt":{"rendered":"<p>Nosotros Conoce quienes somos y qu\u00e9 hacemos Bienvenido a Ingenieros de Sistemas Inform\u00e1ticos, somos la agencia de marketing online que estabas buscando para dar el empuj\u00f3n definitivo a tu negocio. Adem\u00e1s ofrecemos tambi\u00e9n servicios de red para empresas y clientes mayoristas. Expertos en marketing online y publicidad, te ayudaremos a rentabilizar tu presencia en Internet [&hellip;]<\/p>\n","protected":false},"author":1,"featured_media":0,"parent":0,"menu_order":0,"comment_status":"closed","ping_status":"closed","template":"elementor_header_footer","meta":[],"yoast_head":"<!-- This site is optimized with the Yoast SEO plugin v18.0 - https:\/\/yoast.com\/wordpress\/plugins\/seo\/ -->\n<title>Nosotros - IsInform\u00e1tica<\/title>\n<meta name=\"robots\" content=\"index, follow, max-snippet:-1, max-image-preview:large, max-video-preview:-1\" \/>\n<link rel=\"canonical\" href=\"http:\/\/webisis.es\/isis\/nosotros\/\" \/>\n<meta property=\"og:locale\" content=\"es_ES\" \/>\n<meta property=\"og:type\" content=\"article\" \/>\n<meta property=\"og:title\" content=\"Nosotros - IsInform\u00e1tica\" \/>\n<meta property=\"og:description\" content=\"Nosotros Conoce quienes somos y qu\u00e9 hacemos Bienvenido a Ingenieros de Sistemas Inform\u00e1ticos, somos la agencia de marketing online que estabas buscando para dar el empuj\u00f3n definitivo a tu negocio. Adem\u00e1s ofrecemos tambi\u00e9n servicios de red para empresas y clientes mayoristas. Expertos en marketing online y publicidad, te ayudaremos a rentabilizar tu presencia en Internet [&hellip;]\" \/>\n<meta property=\"og:url\" content=\"http:\/\/webisis.es\/isis\/nosotros\/\" \/>\n<meta property=\"og:site_name\" content=\"IsInform\u00e1tica\" \/>\n<meta property=\"article:modified_time\" content=\"2020-10-29T12:03:25+00:00\" \/>\n<meta property=\"og:image\" content=\"http:\/\/webisis.es\/isis\/wp-content\/uploads\/2020\/10\/marvin-meyer-SYTO3xs06fU-unsplash-1024x683.jpg\" \/>\n<meta name=\"twitter:card\" content=\"summary_large_image\" \/>\n<meta name=\"twitter:label1\" content=\"Tiempo de lectura\" \/>\n\t<meta name=\"twitter:data1\" content=\"1 minuto\" \/>\n<script type=\"application\/ld+json\" class=\"yoast-schema-graph\">{\"@context\":\"https:\/\/schema.org\",\"@graph\":[{\"@type\":\"WebSite\",\"@id\":\"https:\/\/webisis.es\/isis\/#website\",\"url\":\"https:\/\/webisis.es\/isis\/\",\"name\":\"IsInform\u00e1tica\",\"description\":\"Agencia de Marketing Digital\",\"potentialAction\":[{\"@type\":\"SearchAction\",\"target\":{\"@type\":\"EntryPoint\",\"urlTemplate\":\"https:\/\/webisis.es\/isis\/?s={search_term_string}\"},\"query-input\":\"required name=search_term_string\"}],\"inLanguage\":\"es\"},{\"@type\":\"ImageObject\",\"@id\":\"http:\/\/webisis.es\/isis\/nosotros\/#primaryimage\",\"inLanguage\":\"es\",\"url\":\"http:\/\/webisis.es\/isis\/wp-content\/uploads\/2020\/10\/marvin-meyer-SYTO3xs06fU-unsplash.jpg\",\"contentUrl\":\"http:\/\/webisis.es\/isis\/wp-content\/uploads\/2020\/10\/marvin-meyer-SYTO3xs06fU-unsplash.jpg\",\"width\":1920,\"height\":1280},{\"@type\":\"WebPage\",\"@id\":\"http:\/\/webisis.es\/isis\/nosotros\/#webpage\",\"url\":\"http:\/\/webisis.es\/isis\/nosotros\/\",\"name\":\"Nosotros - IsInform\u00e1tica\",\"isPartOf\":{\"@id\":\"https:\/\/webisis.es\/isis\/#website\"},\"primaryImageOfPage\":{\"@id\":\"http:\/\/webisis.es\/isis\/nosotros\/#primaryimage\"},\"datePublished\":\"2020-10-09T10:36:40+00:00\",\"dateModified\":\"2020-10-29T12:03:25+00:00\",\"breadcrumb\":{\"@id\":\"http:\/\/webisis.es\/isis\/nosotros\/#breadcrumb\"},\"inLanguage\":\"es\",\"potentialAction\":[{\"@type\":\"ReadAction\",\"target\":[\"http:\/\/webisis.es\/isis\/nosotros\/\"]}]},{\"@type\":\"BreadcrumbList\",\"@id\":\"http:\/\/webisis.es\/isis\/nosotros\/#breadcrumb\",\"itemListElement\":[{\"@type\":\"ListItem\",\"position\":1,\"name\":\"Portada\",\"item\":\"https:\/\/webisis.es\/isis\/\"},{\"@type\":\"ListItem\",\"position\":2,\"name\":\"Nosotros\"}]}]}<\/script>\n<!-- \/ Yoast SEO plugin. -->","yoast_head_json":{"title":"Nosotros - IsInform\u00e1tica","robots":{"index":"index","follow":"follow","max-snippet":"max-snippet:-1","max-image-preview":"max-image-preview:large","max-video-preview":"max-video-preview:-1"},"canonical":"http:\/\/webisis.es\/isis\/nosotros\/","og_locale":"es_ES","og_type":"article","og_title":"Nosotros - IsInform\u00e1tica","og_description":"Nosotros Conoce quienes somos y qu\u00e9 hacemos Bienvenido a Ingenieros de Sistemas Inform\u00e1ticos, somos la agencia de marketing online que estabas buscando para dar el empuj\u00f3n definitivo a tu negocio. Adem\u00e1s ofrecemos tambi\u00e9n servicios de red para empresas y clientes mayoristas. Expertos en marketing online y publicidad, te ayudaremos a rentabilizar tu presencia en Internet [&hellip;]","og_url":"http:\/\/webisis.es\/isis\/nosotros\/","og_site_name":"IsInform\u00e1tica","article_modified_time":"2020-10-29T12:03:25+00:00","og_image":[{"url":"http:\/\/webisis.es\/isis\/wp-content\/uploads\/2020\/10\/marvin-meyer-SYTO3xs06fU-unsplash-1024x683.jpg"}],"twitter_card":"summary_large_image","twitter_misc":{"Tiempo de lectura":"1 minuto"},"schema":{"@context":"https:\/\/schema.org","@graph":[{"@type":"WebSite","@id":"https:\/\/webisis.es\/isis\/#website","url":"https:\/\/webisis.es\/isis\/","name":"IsInform\u00e1tica","description":"Agencia de Marketing Digital","potentialAction":[{"@type":"SearchAction","target":{"@type":"EntryPoint","urlTemplate":"https:\/\/webisis.es\/isis\/?s={search_term_string}"},"query-input":"required name=search_term_string"}],"inLanguage":"es"},{"@type":"ImageObject","@id":"http:\/\/webisis.es\/isis\/nosotros\/#primaryimage","inLanguage":"es","url":"http:\/\/webisis.es\/isis\/wp-content\/uploads\/2020\/10\/marvin-meyer-SYTO3xs06fU-unsplash.jpg","contentUrl":"http:\/\/webisis.es\/isis\/wp-content\/uploads\/2020\/10\/marvin-meyer-SYTO3xs06fU-unsplash.jpg","width":1920,"height":1280},{"@type":"WebPage","@id":"http:\/\/webisis.es\/isis\/nosotros\/#webpage","url":"http:\/\/webisis.es\/isis\/nosotros\/","name":"Nosotros - IsInform\u00e1tica","isPartOf":{"@id":"https:\/\/webisis.es\/isis\/#website"},"primaryImageOfPage":{"@id":"http:\/\/webisis.es\/isis\/nosotros\/#primaryimage"},"datePublished":"2020-10-09T10:36:40+00:00","dateModified":"2020-10-29T12:03:25+00:00","breadcrumb":{"@id":"http:\/\/webisis.es\/isis\/nosotros\/#breadcrumb"},"inLanguage":"es","potentialAction":[{"@type":"ReadAction","target":["http:\/\/webisis.es\/isis\/nosotros\/"]}]},{"@type":"BreadcrumbList","@id":"http:\/\/webisis.es\/isis\/nosotros\/#breadcrumb","itemListElement":[{"@type":"ListItem","position":1,"name":"Portada","item":"https:\/\/webisis.es\/isis\/"},{"@type":"ListItem","position":2,"name":"Nosotros"}]}]}},"_links":{"self":[{"href":"http:\/\/webisis.es\/isis\/wp-json\/wp\/v2\/pages\/261"}],"collection":[{"href":"http:\/\/webisis.es\/isis\/wp-json\/wp\/v2\/pages"}],"about":[{"href":"http:\/\/webisis.es\/isis\/wp-json\/wp\/v2\/types\/page"}],"author":[{"embeddable":true,"href":"http:\/\/webisis.es\/isis\/wp-json\/wp\/v2\/users\/1"}],"replies":[{"embeddable":true,"href":"http:\/\/webisis.es\/isis\/wp-json\/wp\/v2\/comments?post=261"}],"version-history":[{"count":0,"href":"http:\/\/webisis.es\/isis\/wp-json\/wp\/v2\/pages\/261\/revisions"}],"wp:attachment":[{"href":"http:\/\/webisis.es\/isis\/wp-json\/wp\/v2\/media?parent=261"}],"curies":[{"name":"wp","href":"https:\/\/api.w.org\/{rel}","templated":true}]}}